{"id":1125,"date":"2021-02-22T16:05:59","date_gmt":"2021-02-22T15:05:59","guid":{"rendered":"http:\/\/fpsytqd.cluster030.hosting.ovh.net\/?page_id=1125"},"modified":"2021-04-09T09:08:55","modified_gmt":"2021-04-09T07:08:55","slug":"sandra-meunier-2","status":"publish","type":"page","link":"https:\/\/consciencesansfrontieres.org\/index.php\/conscience-sans-frontieres-accueil\/nos-actions\/evenements\/programme-intervenants\/sandra-meunier-2\/","title":{"rendered":"Sandra Meunier"},"content":{"rendered":"<div class=\"fusion-fullwidth fullwidth-box fusion-builder-row-1 fusion-flex-container nonhundred-percent-fullwidth non-hundred-percent-height-scrolling\" style=\"background-color: #ffffff;background-position: center center;background-repeat: no-repeat;border-width: 1 1 1 1;border-color:#607d8b;border-style:solid;\" ><div class=\"fusion-builder-row fusion-row fusion-flex-align-items-flex-start\" style=\"max-width:1248px;margin-left: calc(-4% \/ 2 );margin-right: calc(-4% \/ 2 );\"><div class=\"fusion-layout-column fusion_builder_column fusion-builder-column-0 fusion_builder_column_1_1 1_1 fusion-flex-column\"><div class=\"fusion-column-wrapper fusion-flex-justify-content-flex-start fusion-content-layout-column\" style=\"background-position:left top;background-repeat:no-repeat;-webkit-background-size:cover;-moz-background-size:cover;-o-background-size:cover;background-size:cover;padding: 0px 0px 0px 0px;\"><div style=\"text-align:center;\"><span class=\" fusion-imageframe imageframe-none imageframe-1 hover-type-none\" style=\"max-width:300px;\"><img decoding=\"async\" width=\"1024\" height=\"1024\" title=\"Sandra_Meunier-copie\" src=\"https:\/\/consciencesansfrontieres.org\/wp-content\/uploads\/2021\/02\/Sandra_Meunier-copie.jpg\" data-orig-src=\"https:\/\/consciencesansfrontieres.org\/wp-content\/uploads\/2021\/02\/Sandra_Meunier-copie.jpg\" alt class=\"lazyload img-responsive wp-image-987\" srcset=\"data:image\/svg+xml,%3Csvg%20xmlns%3D%27http%3A%2F%2Fwww.w3.org%2F2000%2Fsvg%27%20width%3D%271024%27%20height%3D%271024%27%20viewBox%3D%270%200%201024%201024%27%3E%3Crect%20width%3D%271024%27%20height%3D%271024%27%20fill-opacity%3D%220%22%2F%3E%3C%2Fsvg%3E\" data-srcset=\"https:\/\/consciencesansfrontieres.org\/wp-content\/uploads\/2021\/02\/Sandra_Meunier-copie-200x200.jpg 200w, https:\/\/consciencesansfrontieres.org\/wp-content\/uploads\/2021\/02\/Sandra_Meunier-copie-400x400.jpg 400w, https:\/\/consciencesansfrontieres.org\/wp-content\/uploads\/2021\/02\/Sandra_Meunier-copie-600x600.jpg 600w, https:\/\/consciencesansfrontieres.org\/wp-content\/uploads\/2021\/02\/Sandra_Meunier-copie-800x800.jpg 800w, https:\/\/consciencesansfrontieres.org\/wp-content\/uploads\/2021\/02\/Sandra_Meunier-copie.jpg 1024w\" data-sizes=\"auto\" data-orig-sizes=\"(max-width: 1200px) 100vw, (max-width: 640px) 100vw, 1024px\" \/><\/span><\/div><style type=\"text\/css\">@media only screen and (max-width:1200px) {.fusion-title.fusion-title-1{margin-top:10px!important; margin-right:0px!important;margin-bottom:15px!important;margin-left:0px!important;}}@media only screen and (max-width:640px) {.fusion-title.fusion-title-1{margin-top:10px!important; margin-right:0px!important;margin-bottom:10px!important; margin-left:0px!important;}}<\/style><div class=\"fusion-title title fusion-title-1 fusion-sep-none fusion-title-text fusion-title-size-five\" style=\"margin-top:10px;margin-right:0px;margin-bottom:15px;margin-left:0px;\"><h5 class=\"title-heading-left fusion-responsive-typography-calculated\" style=\"margin:0;color:#762633;--fontSize:24;line-height:1.4;\"><div style=\"text-align: center;\"><b style=\"font-family: var(--h5_typography-font-family); font-size: var(--h5_typography-font-size); font-style: var(--h5_typography-font-style,normal); letter-spacing: var(--h5_typography-letter-spacing);\">Sandra Meunier<\/b><\/div><\/h5><\/div><style type=\"text\/css\">@media only screen and (max-width:1200px) {.fusion-title.fusion-title-2{margin-top:10px!important; margin-right:0px!important;margin-bottom:15px!important;margin-left:0px!important;}}@media only screen and (max-width:640px) {.fusion-title.fusion-title-2{margin-top:10px!important; margin-right:0px!important;margin-bottom:10px!important; margin-left:0px!important;}}<\/style><div class=\"fusion-title title fusion-title-2 fusion-sep-none fusion-title-text fusion-title-size-six\" style=\"margin-top:10px;margin-right:0px;margin-bottom:15px;margin-left:0px;\"><h6 class=\"title-heading-left fusion-responsive-typography-calculated\" style=\"margin:0;color:#762633;--fontSize:18;--minFontSize:18px;line-height:1.5;\"><div style=\"text-align: center;\">ART-TH\u00c9RAPEUTE, CR\u00c9ATRICE DE JOIE, AUTEURE, CONF\u00c9RENCI\u00c8RE INTERNATIONALE ET P\u00c9DAGOGUE<\/div><\/h6><\/div><div class=\"fusion-separator\" style=\"align-self: center;margin-left: auto;margin-right: auto;margin-bottom:30px;width:100%;max-width:150px;\"><div class=\"fusion-separator-border sep-single\" style=\"border-color:#e0dede;border-top-width:3px;\"><\/div><\/div><div class=\"fusion-text fusion-text-1\"><p style=\"padding-left: 0px; line-height: 23px;\" data-fusion-font=\"true\">Sandra Meunier est art-th\u00e9rapeute, cr\u00e9atrice de joie, auteure, conf\u00e9renci\u00e8re internationale et p\u00e9dagogue.<\/p>\n<p style=\"padding-left: 0px; line-height: 18px;\" data-fusion-font=\"true\"><span style=\"line-height: 23px;\" data-fusion-font=\"true\">Elle est fondatrice de Neztoiles \u00ab si on ne peut pas changer notre vie on peut changer le regard qu\u2019on a sur elle \u00bb une association dont la vocation est d\u2019apaiser et d\u2019amener de la joie dans des moments de souffrance.<\/span><span style=\"line-height: 23px;\" data-fusion-font=\"true\"><br \/>\nDepuis 2002 les NEZTOILES, des artistes ou th\u00e9rapeutes professionnels form\u00e9s \u00e0 la relation de bien-\u00eatre dans l\u2019imaginaire de joie, accompagnent et apportent un soin de Joie aux adultes en souffrance \u00e0 l\u2019h\u00f4pital. (services de soins palliatifs, oncologie, g\u00e9riatrie, neurologie\u2026).<\/span><span style=\"line-height: 23px;\" data-fusion-font=\"true\"><br \/>\nIls sont docteur de la joie, chercheur de tr\u00e9sor, passeur de r\u00eaves, respirateur d\u2019h\u00f4pital, souffleur de po\u00e9sie\u2026<\/span><span style=\"line-height: 23px;\" data-fusion-font=\"true\"><br \/>\nIls arrivent avec le d\u00e9sir, la joie profonde et ils vont la r\u00e9veiller, la distiller.<\/span><\/p>\n<p style=\"padding-left: 0px; line-height: 18px;\" data-fusion-font=\"true\"><span style=\"line-height: 23px;\" data-fusion-font=\"true\">Les neztoiles interviennent seules dans les chambres car leur intention est de rencontrer le malade en face \u00e0 face dans son intimit\u00e9 et sa profondeur et de proposer des pratiques d\u2019accompagnement dans la l\u00e9g\u00e8ret\u00e9.<\/span><span style=\"line-height: 23px;\" data-fusion-font=\"true\"><br \/>\nLe travail d\u2019une neztoile est centr\u00e9 sur tout ce qui reconnecte le malade \u00e0 la vie et \u00e0 son affect pour qu\u2019il s\u2019exprime sur son essentiel.<\/span><span style=\"line-height: 23px;\" data-fusion-font=\"true\"><br \/>\nGr\u00e2ce \u00e0 leurs interventions les angoisses des patients sont d\u00e9samorc\u00e9es et les patients peuvent changer de regard sur leur travers\u00e9e.<\/span><\/p>\n<p style=\"padding-left: 0px; line-height: 23px;\" data-fusion-font=\"true\">Ils peuvent mourir plus apais\u00e9s ou mieux affronter la maladie en lien avec leurs ressources int\u00e9rieures explor\u00e9es.<\/p>\n<p style=\"padding-left: 0px; line-height: 18px;\" data-fusion-font=\"true\"><span style=\"line-height: 23px;\" data-fusion-font=\"true\">Depuis 2007, Sandra Meunier transmet la pratique aux soignants, aux artistes, th\u00e9rapeutes par des formations, et elle donne des \u201cconf\u00e9rences- spectacles\u201d aupr\u00e8s des \u00e9quipes soignantes ou dans des congr\u00e8s m\u00e9dicaux nationaux pour rappeler la n\u00e9cessit\u00e9 de la joie dans les milieux de souffrance.<\/span><span style=\"line-height: 23px;\" data-fusion-font=\"true\"><br \/>\nDepuis 2011, elle joue son spectacle MERCI D\u2019ETRE VENUE destin\u00e9 au grand public afin de donner un regard joyeux sur la vie et d\u2019all\u00e9ger notre regard sur la mort.<\/span><\/p>\n<p style=\"padding-left: 0px; line-height: 18px;\" data-fusion-font=\"true\"><span style=\"line-height: 23px;\" data-fusion-font=\"true\">Enfin, depuis quelques ann\u00e9es , elle se consacre \u00e0 la p\u00e9dagogie de la joie pour les enfants.<\/span><span style=\"line-height: 23px;\" data-fusion-font=\"true\"><br \/>\nElle est auteure du dispositif \u00e9ducatif pour enfants \u00e0 l\u2019\u00e9cole \u00ab <a href=\"https:\/\/enseignants.nathan.fr\/catalogue\/terre-de-joie-objectif-bien-etre-cycles-2-et-3-coffret-pedagogique-9782091247168.html\" target=\"_blank\" rel=\"noopener noreferrer\">Terre de joie, objectif bien-\u00eatre<\/a> \u00bb \u00e9dit\u00e9 chez NATHAN , un jeu sur l\u2019\u00e9ducation \u00e0 la joie et \u00e0 l\u2019altruisme par des pratiques m\u00e9ditatives cr\u00e9atives.<\/span><\/p>\n<\/div><div class=\"fusion-video fusion-youtube\" style=\"max-width:600px;max-height:360px;align-self:center; width:100%\"><div class=\"video-shortcode\"><iframe title=\"YouTube video player 1\" src=\"https:\/\/www.youtube.com\/embed\/FmjQbi9I8E8?wmode=transparent&autoplay=0\" width=\"600\" height=\"360\" allowfullscreen allow=\"autoplay; fullscreen\"><\/iframe><\/div><\/div><div style=\"text-align:center;\"><style>.fusion-imageframe.imageframe-2{ margin-top : 30px;}<\/style><span class=\" fusion-imageframe imageframe-none imageframe-2 hover-type-none\" style=\"max-width:150px;\"><img decoding=\"async\" width=\"300\" height=\"181\" title=\"Logo_neztoiles_v008\" src=\"https:\/\/consciencesansfrontieres.org\/wp-content\/uploads\/2021\/02\/Logo_neztoiles.jpg\" data-orig-src=\"https:\/\/consciencesansfrontieres.org\/wp-content\/uploads\/2021\/02\/Logo_neztoiles.jpg\" alt class=\"lazyload img-responsive wp-image-1126\" srcset=\"data:image\/svg+xml,%3Csvg%20xmlns%3D%27http%3A%2F%2Fwww.w3.org%2F2000%2Fsvg%27%20width%3D%27300%27%20height%3D%27181%27%20viewBox%3D%270%200%20300%20181%27%3E%3Crect%20width%3D%27300%27%20height%3D%27181%27%20fill-opacity%3D%220%22%2F%3E%3C%2Fsvg%3E\" data-srcset=\"https:\/\/consciencesansfrontieres.org\/wp-content\/uploads\/2021\/02\/Logo_neztoiles-200x121.jpg 200w, https:\/\/consciencesansfrontieres.org\/wp-content\/uploads\/2021\/02\/Logo_neztoiles.jpg 300w\" data-sizes=\"auto\" data-orig-sizes=\"(max-width: 1200px) 100vw, (max-width: 640px) 100vw, 300px\" \/><\/span><\/div><div class=\"fusion-text fusion-text-2\"><p style=\"text-align: center;\"><a href=\"https:\/\/sandrameunier.com\/\" target=\"_blank\" rel=\"noopener noreferrer\">www.sandrameunier.com<\/a> <a href=\"https:\/\/www.neztoiles.com\/\" target=\"_blank\" rel=\"noopener noreferrer\">www.neztoiles.com<\/a><\/p>\n<\/div><style type=\"text\/css\">@media only screen and (max-width:1200px) {.fusion-title.fusion-title-3{margin-top:10px!important; margin-right:0px!important;margin-bottom:15px!important;margin-left:0px!important;}}@media only screen and (max-width:640px) {.fusion-title.fusion-title-3{margin-top:10px!important; margin-right:0px!important;margin-bottom:10px!important; margin-left:0px!important;}}<\/style><div class=\"fusion-title title fusion-title-3 fusion-sep-none fusion-title-text fusion-title-size-two\" style=\"font-size:50px;margin-top:10px;margin-right:0px;margin-bottom:15px;margin-left:0px;\"><h2 class=\"title-heading-left fusion-responsive-typography-calculated\" style=\"margin:0;font-size:1em;color:#222266;--fontSize:50;line-height:1.2;\"><\/h2><\/div><\/div><style type=\"text\/css\">.fusion-body .fusion-builder-column-0{width:100% !important;margin-top : 0px;margin-bottom : 20px;}.fusion-builder-column-0 > .fusion-column-wrapper {padding-top : 0px !important;padding-right : 0px !important;margin-right : 1.92%;padding-bottom : 0px !important;padding-left : 0px !important;margin-left : 1.92%;}@media only screen and (max-width:1200px) {.fusion-body .fusion-builder-column-0{width:100% !important;order : 0;}.fusion-builder-column-0 > .fusion-column-wrapper {margin-right : 1.92%;margin-left : 1.92%;}}@media only screen and (max-width:640px) {.fusion-body .fusion-builder-column-0{width:100% !important;order : 0;}.fusion-builder-column-0 > .fusion-column-wrapper {margin-right : 1.92%;margin-left : 1.92%;}}<\/style><\/div><\/div><style type=\"text\/css\">.fusion-body .fusion-flex-container.fusion-builder-row-1{ padding-top : 30px;margin-top : 0px;padding-right : 30px;padding-bottom : 30px;margin-bottom : 0px;padding-left : 30px;}<\/style><\/div>\n","protected":false},"excerpt":{"rendered":"","protected":false},"author":1,"featured_media":0,"parent":951,"menu_order":0,"comment_status":"closed","ping_status":"closed","template":"","meta":[],"_links":{"self":[{"href":"https:\/\/consciencesansfrontieres.org\/index.php\/wp-json\/wp\/v2\/pages\/1125"}],"collection":[{"href":"https:\/\/consciencesansfrontieres.org\/index.php\/wp-json\/wp\/v2\/pages"}],"about":[{"href":"https:\/\/consciencesansfrontieres.org\/index.php\/wp-json\/wp\/v2\/types\/page"}],"author":[{"embeddable":true,"href":"https:\/\/consciencesansfrontieres.org\/index.php\/wp-json\/wp\/v2\/users\/1"}],"replies":[{"embeddable":true,"href":"https:\/\/consciencesansfrontieres.org\/index.php\/wp-json\/wp\/v2\/comments?post=1125"}],"version-history":[{"count":6,"href":"https:\/\/consciencesansfrontieres.org\/index.php\/wp-json\/wp\/v2\/pages\/1125\/revisions"}],"predecessor-version":[{"id":2002,"href":"https:\/\/consciencesansfrontieres.org\/index.php\/wp-json\/wp\/v2\/pages\/1125\/revisions\/2002"}],"up":[{"embeddable":true,"href":"https:\/\/consciencesansfrontieres.org\/index.php\/wp-json\/wp\/v2\/pages\/951"}],"wp:attachment":[{"href":"https:\/\/consciencesansfrontieres.org\/index.php\/wp-json\/wp\/v2\/media?parent=1125"}],"curies":[{"name":"wp","href":"https:\/\/api.w.org\/{rel}","templated":true}]}}