{"id":1130,"date":"2021-02-22T16:29:29","date_gmt":"2021-02-22T15:29:29","guid":{"rendered":"http:\/\/fpsytqd.cluster030.hosting.ovh.net\/?page_id=1130"},"modified":"2021-04-09T09:10:02","modified_gmt":"2021-04-09T07:10:02","slug":"sylvie-cafardy-3","status":"publish","type":"page","link":"https:\/\/consciencesansfrontieres.org\/index.php\/conscience-sans-frontieres-accueil\/nos-actions\/evenements\/programme-intervenants\/sylvie-cafardy-3\/","title":{"rendered":"Sylvie Cafardy"},"content":{"rendered":"<p><div class=\"fusion-fullwidth fullwidth-box fusion-builder-row-1 fusion-flex-container nonhundred-percent-fullwidth non-hundred-percent-height-scrolling\" style=\"background-color: #ffffff;background-position: center center;background-repeat: no-repeat;border-width: 1 1 1 1;border-color:#607d8b;border-style:solid;\" ><div class=\"fusion-builder-row fusion-row fusion-flex-align-items-flex-start\" style=\"max-width:1248px;margin-left: calc(-4% \/ 2 );margin-right: calc(-4% \/ 2 );\"><div class=\"fusion-layout-column fusion_builder_column fusion-builder-column-0 fusion_builder_column_1_1 1_1 fusion-flex-column\"><div class=\"fusion-column-wrapper fusion-flex-justify-content-flex-start fusion-content-layout-column\" style=\"background-position:left top;background-repeat:no-repeat;-webkit-background-size:cover;-moz-background-size:cover;-o-background-size:cover;background-size:cover;padding: 0px 0px 0px 0px;\"><div style=\"text-align:center;\"><span class=\" fusion-imageframe imageframe-none imageframe-1 hover-type-none\" style=\"max-width:300px;\"><img decoding=\"async\" width=\"1024\" height=\"1024\" title=\"Sylvie-CAFARDY-1024&#215;1024\" src=\"https:\/\/consciencesansfrontieres.org\/wp-content\/uploads\/2021\/02\/Sylvie-CAFARDY-1024x1024-1.jpg\" data-orig-src=\"http:\/\/fpsytqd.cluster030.hosting.ovh.net\/wp-content\/uploads\/2021\/02\/Sylvie-CAFARDY-1024x1024-1.jpg\" alt class=\"lazyload img-responsive wp-image-985\" srcset=\"data:image\/svg+xml,%3Csvg%20xmlns%3D%27http%3A%2F%2Fwww.w3.org%2F2000%2Fsvg%27%20width%3D%271024%27%20height%3D%271024%27%20viewBox%3D%270%200%201024%201024%27%3E%3Crect%20width%3D%271024%27%20height%3D%271024%27%20fill-opacity%3D%220%22%2F%3E%3C%2Fsvg%3E\" data-srcset=\"https:\/\/consciencesansfrontieres.org\/wp-content\/uploads\/2021\/02\/Sylvie-CAFARDY-1024x1024-1-200x200.jpg 200w, https:\/\/consciencesansfrontieres.org\/wp-content\/uploads\/2021\/02\/Sylvie-CAFARDY-1024x1024-1-400x400.jpg 400w, https:\/\/consciencesansfrontieres.org\/wp-content\/uploads\/2021\/02\/Sylvie-CAFARDY-1024x1024-1-600x600.jpg 600w, https:\/\/consciencesansfrontieres.org\/wp-content\/uploads\/2021\/02\/Sylvie-CAFARDY-1024x1024-1-800x800.jpg 800w, https:\/\/consciencesansfrontieres.org\/wp-content\/uploads\/2021\/02\/Sylvie-CAFARDY-1024x1024-1.jpg 1024w\" data-sizes=\"auto\" data-orig-sizes=\"(max-width: 1200px) 100vw, (max-width: 640px) 100vw, 1024px\" \/><\/span><\/div><style type=\"text\/css\">@media only screen and (max-width:1200px) {.fusion-title.fusion-title-1{margin-top:10px!important; margin-right:0px!important;margin-bottom:15px!important;margin-left:0px!important;}}@media only screen and (max-width:640px) {.fusion-title.fusion-title-1{margin-top:10px!important; margin-right:0px!important;margin-bottom:10px!important; margin-left:0px!important;}}<\/style><div class=\"fusion-title title fusion-title-1 fusion-sep-none fusion-title-text fusion-title-size-five\" style=\"margin-top:10px;margin-right:0px;margin-bottom:15px;margin-left:0px;\"><h5 class=\"title-heading-left fusion-responsive-typography-calculated\" style=\"margin:0;color:#762633;--fontSize:24;line-height:1.4;\"><div style=\"text-align: center;\"><b style=\"font-family: var(--h5_typography-font-family); font-size: var(--h5_typography-font-size); font-style: var(--h5_typography-font-style,normal); letter-spacing: var(--h5_typography-letter-spacing);\">Sylvie Cafardy<\/b><\/div><\/h5><\/div><style type=\"text\/css\">@media only screen and (max-width:1200px) {.fusion-title.fusion-title-2{margin-top:10px!important; margin-right:0px!important;margin-bottom:15px!important;margin-left:0px!important;}}@media only screen and (max-width:640px) {.fusion-title.fusion-title-2{margin-top:10px!important; margin-right:0px!important;margin-bottom:10px!important; margin-left:0px!important;}}<\/style><div class=\"fusion-title title fusion-title-2 fusion-sep-none fusion-title-text fusion-title-size-six\" style=\"margin-top:10px;margin-right:0px;margin-bottom:15px;margin-left:0px;\"><h6 class=\"title-heading-left fusion-responsive-typography-calculated\" style=\"margin:0;color:#762633;--fontSize:18;--minFontSize:18px;line-height:1.5;\"><div style=\"text-align: center;\">M\u00c9DECIN SP\u00c9CIALIS\u00c9E EN G\u00c9RIATRIE<\/div><\/h6><\/div><div class=\"fusion-separator\" style=\"align-self: center;margin-left: auto;margin-right: auto;margin-bottom:30px;width:100%;max-width:150px;\"><div class=\"fusion-separator-border sep-single\" style=\"border-color:#e0dede;border-top-width:3px;\"><\/div><\/div><div class=\"fusion-text fusion-text-1\"><p><span style=\"color: var(--body_typography-color); font-family: var(--body_typography-font-family); font-size: var(--body_typography-font-size); font-style: var(--body_typography-font-style,normal); font-weight: var(--body_typography-font-weight); letter-spacing: var(--body_typography-letter-spacing);\">D\u00e8s le d\u00e9but de ses stages hospitaliers, Sylvie Cafardy observe que de nombreux soignants ont des attitudes d\u2019\u00e9vitement face aux malades qui ont le plus besoin de leur pr\u00e9sence et de leurs soins : les mourants. <\/span><\/p>\n<p>C&#8217;est en rencontrant un exp\u00e9rienceur qu&#8217;elle comprend que ceux qui ont v\u00e9cu une EMI sont d\u00e9finitivement gu\u00e9ris de cette peur de la mort si d\u00e9l\u00e9t\u00e8re que nous partageons tous. Sylvie consacre alors sa th\u00e8se de doctorat \u00e0 la \u00ab Contribution de l\u2019\u00e9tude des exp\u00e9riences de mort imminente \u00e0 l\u2019accompagnement des mourants \u00bb. Th\u00e8se soutenue en 1999, et qui obtient le Prix de th\u00e8se r\u00e9gional et les f\u00e9licitations \u00e0 l\u2019unanimit\u00e9 d\u2019un jury pr\u00e9sid\u00e9 par Monsieur Roger Gil, professeur de neurologie et futur fondateur et pr\u00e9sident de l\u2019Espace de R\u00e9flexion Ethique de Nouvelle-Aquitaine (ERENA).<\/p>\n<p>Sylvie a \u00e9t\u00e9 premi\u00e8re r\u00e9f\u00e9rente en soins palliatifs de l\u2019h\u00f4pital de Montmorillon, situ\u00e9 \u00e0 mi-chemin entre Poitiers et Limoges. J\u2019y pr\u00e9pare une capacit\u00e9 en g\u00e9riatrie, avant de passer le concours de Praticien Hospitalier en 2004, puis, en 2007, un DU \u00ab Maladie d\u2019Alzheimer et maladies apparent\u00e9es \u00bb qui me permet de mettre sur pied une consultation m\u00e9moire, laquelle est labellis\u00e9e en quelques ann\u00e9es. Parall\u00e8lement, je prends en charge le service d\u2019Unit\u00e9 de Soins de Longue Dur\u00e9e (USLD) de 42 lits et une partie de l\u2019EHPAD de l\u2019h\u00f4pital de Montmorillon. En 2017, je compl\u00e8te ma formation par un DU de psychog\u00e9riatrie aupr\u00e8s du professeur Cl\u00e9ment \u00e0 Limoges.<\/p>\n<p>Sylvie Cafardy vit alors pour transmettre les t\u00e9moignages qu&#8217;elle a recueilli dans ses ann\u00e9es \u00e0 l&#8217;hopital et en Ephad pour rendre le passage plus facile.<\/p>\n<p>Voir le livre qui en est n\u00e9 ci-dessous.<\/p>\n<p>Cela a donn\u00e9 naissance \u00e0 un livre, publi\u00e9 en octobre 2020 aux \u00e9ditions HumenSciences : \u00ab Exp\u00e9riences de mort imminente \u00bb.<\/p>\n<\/div><style type=\"text\/css\">@media only screen and (max-width:1200px) {.fusion-title.fusion-title-3{margin-top:10px!important; margin-right:0px!important;margin-bottom:15px!important;margin-left:0px!important;}}@media only screen and (max-width:640px) {.fusion-title.fusion-title-3{margin-top:10px!important; margin-right:0px!important;margin-bottom:10px!important; margin-left:0px!important;}}<\/style><div class=\"fusion-title title fusion-title-3 fusion-sep-none fusion-title-text fusion-title-size-two\" style=\"font-size:50px;margin-top:10px;margin-right:0px;margin-bottom:15px;margin-left:0px;\"><h2 class=\"title-heading-left fusion-responsive-typography-calculated\" style=\"margin:0;font-size:1em;color:#222266;--fontSize:50;line-height:1.2;\"><\/h2><\/div><\/div><style type=\"text\/css\">.fusion-body .fusion-builder-column-0{width:100% !important;margin-top : 0px;margin-bottom : 20px;}.fusion-builder-column-0 > .fusion-column-wrapper {padding-top : 0px !important;padding-right : 0px !important;margin-right : 1.92%;padding-bottom : 0px !important;padding-left : 0px !important;margin-left : 1.92%;}@media only screen and (max-width:1200px) {.fusion-body .fusion-builder-column-0{width:100% !important;order : 0;}.fusion-builder-column-0 > .fusion-column-wrapper {margin-right : 1.92%;margin-left : 1.92%;}}@media only screen and (max-width:640px) {.fusion-body .fusion-builder-column-0{width:100% !important;order : 0;}.fusion-builder-column-0 > .fusion-column-wrapper {margin-right : 1.92%;margin-left : 1.92%;}}<\/style><\/div><\/div><style type=\"text\/css\">.fusion-body .fusion-flex-container.fusion-builder-row-1{ padding-top : 30px;margin-top : 0px;padding-right : 30px;padding-bottom : 30px;margin-bottom : 0px;padding-left : 30px;}<\/style><\/div><div class=\"fusion-fullwidth fullwidth-box fusion-builder-row-2 fusion-flex-container nonhundred-percent-fullwidth non-hundred-percent-height-scrolling\" style=\"background-color: #ffffff;background-position: center center;background-repeat: no-repeat;border-width: 0px 0px 0px 0px;border-color:#eae9e9;border-style:solid;\" ><div class=\"fusion-builder-row fusion-row fusion-flex-align-items-flex-start\" style=\"max-width:1248px;margin-left: calc(-4% \/ 2 );margin-right: calc(-4% \/ 2 );\"><div class=\"fusion-layout-column fusion_builder_column fusion-builder-column-1 fusion_builder_column_1_1 1_1 fusion-flex-column\"><div class=\"fusion-column-wrapper fusion-flex-justify-content-flex-start fusion-content-layout-column\" style=\"background-position:left top;background-repeat:no-repeat;-webkit-background-size:cover;-moz-background-size:cover;-o-background-size:cover;background-size:cover;padding: 0px 0px 0px 0px;\"><\/div><style type=\"text\/css\">.fusion-body .fusion-builder-column-1{width:100% !important;margin-top : 0px;margin-bottom : 20px;}.fusion-builder-column-1 > .fusion-column-wrapper {padding-top : 0px !important;padding-right : 0px !important;margin-right : 1.92%;padding-bottom : 0px !important;padding-left : 0px !important;margin-left : 1.92%;}@media only screen and (max-width:1200px) {.fusion-body .fusion-builder-column-1{width:100% !important;order : 0;}.fusion-builder-column-1 > .fusion-column-wrapper {margin-right : 1.92%;margin-left : 1.92%;}}@media only screen and (max-width:640px) {.fusion-body .fusion-builder-column-1{width:100% !important;order : 0;}.fusion-builder-column-1 > .fusion-column-wrapper {margin-right : 1.92%;margin-left : 1.92%;}}<\/style><\/div><\/div><style type=\"text\/css\">.fusion-body .fusion-flex-container.fusion-builder-row-2{ padding-top : 0px;margin-top : 0px;padding-right : 0px;padding-bottom : 0px;margin-bottom : 0px;padding-left : 0px;}<\/style><\/div><div class=\"fusion-fullwidth fullwidth-box fusion-builder-row-3 fusion-flex-container nonhundred-percent-fullwidth non-hundred-percent-height-scrolling\" style=\"background-color: #ffffff;background-position: center center;background-repeat: no-repeat;border-width: 1 1 1 1;border-color:#607d8b;border-style:solid;\" ><div class=\"fusion-builder-row fusion-row fusion-flex-align-items-flex-start\" style=\"max-width:1248px;margin-left: calc(-4% \/ 2 );margin-right: calc(-4% \/ 2 );\"><div class=\"fusion-layout-column fusion_builder_column fusion-builder-column-2 fusion_builder_column_2_3 2_3 fusion-flex-column\"><div class=\"fusion-column-wrapper fusion-flex-justify-content-flex-start fusion-content-layout-column\" style=\"background-position:left top;background-repeat:no-repeat;-webkit-background-size:cover;-moz-background-size:cover;-o-background-size:cover;background-size:cover;padding: 0px 0px 0px 0px;\"><style type=\"text\/css\">@media only screen and (max-width:1200px) {.fusion-title.fusion-title-4{margin-top:10px!important; margin-right:0px!important;margin-bottom:15px!important;margin-left:0px!important;}}@media only screen and (max-width:640px) {.fusion-title.fusion-title-4{margin-top:10px!important; margin-right:0px!important;margin-bottom:10px!important; margin-left:0px!important;}}<\/style><div class=\"fusion-title title fusion-title-4 fusion-sep-none fusion-title-text fusion-title-size-five\" style=\"margin-top:10px;margin-right:0px;margin-bottom:15px;margin-left:0px;\"><h5 class=\"title-heading-left fusion-responsive-typography-calculated\" style=\"margin:0;color:#762633;--fontSize:24;line-height:1.4;\">EXP\u00c9RIENCE DE MORT IMMINENTE<\/h5><\/div><style type=\"text\/css\">@media only screen and (max-width:1200px) {.fusion-title.fusion-title-5{margin-top:10px!important; margin-right:0px!important;margin-bottom:15px!important;margin-left:0px!important;}}@media only screen and (max-width:640px) {.fusion-title.fusion-title-5{margin-top:10px!important; margin-right:0px!important;margin-bottom:10px!important; margin-left:0px!important;}}<\/style><div class=\"fusion-title title fusion-title-5 fusion-sep-none fusion-title-text fusion-title-size-six\" style=\"margin-top:10px;margin-right:0px;margin-bottom:15px;margin-left:0px;\"><h6 class=\"title-heading-left fusion-responsive-typography-calculated\" style=\"margin:0;color:#762633;--fontSize:18;--minFontSize:18px;line-height:1.5;\">Le t\u00e9moignage in\u00e9dit d&#8217;une g\u00e9riatre<\/h6><\/div><div class=\"fusion-text fusion-text-2\"><p><i>Ce livre nous montre que l&#8217;on peut \u00e9chapper \u00e0 la peur visc\u00e9rale de la mort, \u00e0 l&#8217;angoisse de la fin, \u00e0 l&#8217;anxi\u00e9t\u00e9 du n\u00e9ant. Que l&#8217;on peut partir apais\u00e9. A condition de ne plus escamoter &#8221; la fin de vie &#8221; comme on l&#8217;appelle aujourd&#8217;hui, mais au contraire, de la pr\u00e9parer et m\u00eame de la vivre intens\u00e9ment, aux c\u00f4t\u00e9s de ses proches et avec l&#8217;aide du personnel soignant. Le docteur Sylvie Cafardy accompagne au quotidien les patients, leurs familles et ses coll\u00e8gues soignants avec, chevill\u00e9e au corps, l&#8217;id\u00e9e que la mort n&#8217;est pas la fin brutale que l&#8217;on imagine. Cette conviction, elle l&#8217;a puis\u00e9e dans les EMI, ces Exp\u00e9riences de Mort Imminente v\u00e9cues par des patients. Des t\u00e9moignages bouleversants, finement analys\u00e9s, dont elle tire des enseignements pragmatiques \u00e0 la fois pour les personnes en fin de vie ou porteurs d&#8217;une maladie chronique \u00e0 pronostic d\u00e9favorable, pour leurs familles et pour le personnel m\u00e9dical ou param\u00e9dical (infirmiers, aides-soignants&#8230;).<\/i><\/p>\n<\/div><div class=\"fusion-text fusion-text-3\"><p><span style=\"color: #000000;\">Site d&#8217;\u00e9dition :<\/span> <a href=\"https:\/\/www.humensciences.com\/\" target=\"_blank\" rel=\"noopener noreferrer\">HumenSciences<\/a><\/p>\n<\/div><\/div><style type=\"text\/css\">.fusion-body .fusion-builder-column-2{width:66.666666666667% !important;margin-top : 0px;margin-bottom : 20px;}.fusion-builder-column-2 > .fusion-column-wrapper {padding-top : 0px !important;padding-right : 0px !important;margin-right : 2.88%;padding-bottom : 0px !important;padding-left : 0px !important;margin-left : 2.88%;}@media only screen and (max-width:1200px) {.fusion-body .fusion-builder-column-2{width:100% !important;order : 0;}.fusion-builder-column-2 > .fusion-column-wrapper {margin-right : 1.92%;margin-left : 1.92%;}}@media only screen and (max-width:640px) {.fusion-body .fusion-builder-column-2{width:100% !important;order : 0;}.fusion-builder-column-2 > .fusion-column-wrapper {margin-right : 1.92%;margin-left : 1.92%;}}<\/style><\/div><div class=\"fusion-layout-column fusion_builder_column fusion-builder-column-3 fusion_builder_column_1_3 1_3 fusion-flex-column\"><div class=\"fusion-column-wrapper fusion-flex-justify-content-flex-start fusion-content-layout-column\" style=\"background-position:left top;background-repeat:no-repeat;-webkit-background-size:cover;-moz-background-size:cover;-o-background-size:cover;background-size:cover;padding: 0px 0px 0px 0px;\"><div ><span class=\" fusion-imageframe imageframe-none imageframe-2 hover-type-none\" style=\"max-width:450px;\"><img decoding=\"async\" width=\"381\" height=\"542\" title=\"couverture-livre-Sylvie-Cafardy\" src=\"https:\/\/consciencesansfrontieres.org\/wp-content\/uploads\/2021\/02\/couverture-livre-Sylvie-Cafardy.jpg\" data-orig-src=\"http:\/\/fpsytqd.cluster030.hosting.ovh.net\/wp-content\/uploads\/2021\/02\/couverture-livre-Sylvie-Cafardy.jpg\" alt class=\"lazyload img-responsive wp-image-1099\" srcset=\"data:image\/svg+xml,%3Csvg%20xmlns%3D%27http%3A%2F%2Fwww.w3.org%2F2000%2Fsvg%27%20width%3D%27381%27%20height%3D%27542%27%20viewBox%3D%270%200%20381%20542%27%3E%3Crect%20width%3D%27381%27%20height%3D%27542%27%20fill-opacity%3D%220%22%2F%3E%3C%2Fsvg%3E\" data-srcset=\"https:\/\/consciencesansfrontieres.org\/wp-content\/uploads\/2021\/02\/couverture-livre-Sylvie-Cafardy-200x285.jpg 200w, https:\/\/consciencesansfrontieres.org\/wp-content\/uploads\/2021\/02\/couverture-livre-Sylvie-Cafardy.jpg 381w\" data-sizes=\"auto\" data-orig-sizes=\"(max-width: 1200px) 100vw, (max-width: 640px) 100vw, 381px\" \/><\/span><\/div><\/div><style type=\"text\/css\">.fusion-body .fusion-builder-column-3{width:33.333333333333% !important;margin-top : 0px;margin-bottom : 20px;}.fusion-builder-column-3 > .fusion-column-wrapper {padding-top : 0px !important;padding-right : 0px !important;margin-right : 5.76%;padding-bottom : 0px !important;padding-left : 0px !important;margin-left : 5.76%;}@media only screen and (max-width:1200px) {.fusion-body .fusion-builder-column-3{width:100% !important;order : 0;}.fusion-builder-column-3 > .fusion-column-wrapper {margin-right : 1.92%;margin-left : 1.92%;}}@media only screen and (max-width:640px) {.fusion-body .fusion-builder-column-3{width:100% !important;order : 0;}.fusion-builder-column-3 > .fusion-column-wrapper {margin-right : 1.92%;margin-left : 1.92%;}}<\/style><\/div><\/div><style type=\"text\/css\">.fusion-body .fusion-flex-container.fusion-builder-row-3{ padding-top : 0px;margin-top : 0px;padding-right : 30px;padding-bottom : 0px;margin-bottom : 0px;padding-left : 30px;}<\/style><\/div><\/p>\n","protected":false},"excerpt":{"rendered":"","protected":false},"author":1,"featured_media":0,"parent":951,"menu_order":0,"comment_status":"closed","ping_status":"closed","template":"","meta":[],"_links":{"self":[{"href":"https:\/\/consciencesansfrontieres.org\/index.php\/wp-json\/wp\/v2\/pages\/1130"}],"collection":[{"href":"https:\/\/consciencesansfrontieres.org\/index.php\/wp-json\/wp\/v2\/pages"}],"about":[{"href":"https:\/\/consciencesansfrontieres.org\/index.php\/wp-json\/wp\/v2\/types\/page"}],"author":[{"embeddable":true,"href":"https:\/\/consciencesansfrontieres.org\/index.php\/wp-json\/wp\/v2\/users\/1"}],"replies":[{"embeddable":true,"href":"https:\/\/consciencesansfrontieres.org\/index.php\/wp-json\/wp\/v2\/comments?post=1130"}],"version-history":[{"count":2,"href":"https:\/\/consciencesansfrontieres.org\/index.php\/wp-json\/wp\/v2\/pages\/1130\/revisions"}],"predecessor-version":[{"id":2005,"href":"https:\/\/consciencesansfrontieres.org\/index.php\/wp-json\/wp\/v2\/pages\/1130\/revisions\/2005"}],"up":[{"embeddable":true,"href":"https:\/\/consciencesansfrontieres.org\/index.php\/wp-json\/wp\/v2\/pages\/951"}],"wp:attachment":[{"href":"https:\/\/consciencesansfrontieres.org\/index.php\/wp-json\/wp\/v2\/media?parent=1130"}],"curies":[{"name":"wp","href":"https:\/\/api.w.org\/{rel}","templated":true}]}}