{"id":1139,"date":"2021-02-22T16:54:37","date_gmt":"2021-02-22T15:54:37","guid":{"rendered":"http:\/\/fpsytqd.cluster030.hosting.ovh.net\/?page_id=1139"},"modified":"2021-10-18T15:13:09","modified_gmt":"2021-10-18T13:13:09","slug":"marie-de-hennezel-2","status":"publish","type":"page","link":"https:\/\/consciencesansfrontieres.org\/index.php\/conscience-sans-frontieres-accueil\/nos-actions\/evenements\/programme-intervenants\/marie-de-hennezel-2\/","title":{"rendered":"Marie De Hennezel"},"content":{"rendered":"<p><div class=\"fusion-fullwidth fullwidth-box fusion-builder-row-1 fusion-flex-container nonhundred-percent-fullwidth non-hundred-percent-height-scrolling\" style=\"background-color: #ffffff;background-position: center center;background-repeat: no-repeat;border-width: 1 1 1 1;border-color:#607d8b;border-style:solid;\" ><div class=\"fusion-builder-row fusion-row fusion-flex-align-items-flex-start\" style=\"max-width:1248px;margin-left: calc(-4% \/ 2 );margin-right: calc(-4% \/ 2 );\"><div class=\"fusion-layout-column fusion_builder_column fusion-builder-column-0 fusion_builder_column_1_1 1_1 fusion-flex-column\"><div class=\"fusion-column-wrapper fusion-flex-justify-content-flex-start fusion-content-layout-column\" style=\"background-position:left top;background-repeat:no-repeat;-webkit-background-size:cover;-moz-background-size:cover;-o-background-size:cover;background-size:cover;padding: 0px 0px 0px 0px;\"><div style=\"text-align:center;\"><span class=\" fusion-imageframe imageframe-none imageframe-1 hover-type-none\" style=\"max-width:300px;\"><img decoding=\"async\" width=\"428\" height=\"428\" title=\"Marie-de-Hennezel-et-Philippe-Gutton-c-Meriem-Rezgui-6\" src=\"https:\/\/consciencesansfrontieres.org\/wp-content\/uploads\/2021\/02\/Marie-de-Hennezel-et-Philippe-Gutton-c-Meriem-Rezgui-6.jpeg\" data-orig-src=\"https:\/\/consciencesansfrontieres.org\/wp-content\/uploads\/2021\/02\/Marie-de-Hennezel-et-Philippe-Gutton-c-Meriem-Rezgui-6.jpeg\" alt class=\"lazyload img-responsive wp-image-965\" srcset=\"data:image\/svg+xml,%3Csvg%20xmlns%3D%27http%3A%2F%2Fwww.w3.org%2F2000%2Fsvg%27%20width%3D%27428%27%20height%3D%27428%27%20viewBox%3D%270%200%20428%20428%27%3E%3Crect%20width%3D%27428%27%20height%3D%27428%27%20fill-opacity%3D%220%22%2F%3E%3C%2Fsvg%3E\" data-srcset=\"https:\/\/consciencesansfrontieres.org\/wp-content\/uploads\/2021\/02\/Marie-de-Hennezel-et-Philippe-Gutton-c-Meriem-Rezgui-6-200x200.jpeg 200w, https:\/\/consciencesansfrontieres.org\/wp-content\/uploads\/2021\/02\/Marie-de-Hennezel-et-Philippe-Gutton-c-Meriem-Rezgui-6-400x400.jpeg 400w, https:\/\/consciencesansfrontieres.org\/wp-content\/uploads\/2021\/02\/Marie-de-Hennezel-et-Philippe-Gutton-c-Meriem-Rezgui-6.jpeg 428w\" data-sizes=\"auto\" data-orig-sizes=\"(max-width: 1200px) 100vw, (max-width: 640px) 100vw, 428px\" \/><\/span><\/div><style type=\"text\/css\">@media only screen and (max-width:1200px) {.fusion-title.fusion-title-1{margin-top:10px!important; margin-right:0px!important;margin-bottom:15px!important;margin-left:0px!important;}}@media only screen and (max-width:640px) {.fusion-title.fusion-title-1{margin-top:10px!important; margin-right:0px!important;margin-bottom:10px!important; margin-left:0px!important;}}<\/style><div class=\"fusion-title title fusion-title-1 fusion-sep-none fusion-title-text fusion-title-size-five\" style=\"margin-top:10px;margin-right:0px;margin-bottom:15px;margin-left:0px;\"><h5 class=\"title-heading-left fusion-responsive-typography-calculated\" style=\"margin:0;color:#762633;--fontSize:24;line-height:1.4;\"><div style=\"text-align: center;\"><b style=\"font-family: var(--h5_typography-font-family); font-size: var(--h5_typography-font-size); font-style: var(--h5_typography-font-style,normal); letter-spacing: var(--h5_typography-letter-spacing);\">Marie De Hennezel<\/b><\/div><\/h5><\/div><style type=\"text\/css\">@media only screen and (max-width:1200px) {.fusion-title.fusion-title-2{margin-top:10px!important; margin-right:0px!important;margin-bottom:15px!important;margin-left:0px!important;}}@media only screen and (max-width:640px) {.fusion-title.fusion-title-2{margin-top:10px!important; margin-right:0px!important;margin-bottom:10px!important; margin-left:0px!important;}}<\/style><div class=\"fusion-title title fusion-title-2 fusion-sep-none fusion-title-text fusion-title-size-six\" style=\"margin-top:10px;margin-right:0px;margin-bottom:15px;margin-left:0px;\"><h6 class=\"title-heading-left fusion-responsive-typography-calculated\" style=\"margin:0;color:#762633;--fontSize:18;--minFontSize:18px;line-height:1.5;\"><div style=\"text-align: center;\">PSYCHOTH\u00c9RAPEUTE, \u00c9CRIVAIN<\/div><\/h6><\/div><div class=\"fusion-separator\" style=\"align-self: center;margin-left: auto;margin-right: auto;margin-bottom:30px;width:100%;max-width:150px;\"><div class=\"fusion-separator-border sep-single\" style=\"border-color:#e0dede;border-top-width:3px;\"><\/div><\/div><div class=\"fusion-text fusion-text-1\"><p>Marie de Hennezel est psychologue clinicienne, conf\u00e9renci\u00e8re et auteur d\u2019ouvrages sur la fin de vie (\u00ab La mort intime \u00bb traduit en 22 langues) et l\u2019exp\u00e9rience de vieillir. Son ouvrage \u00ab Et si vieillir lib\u00e9rait la tendresse\u2026 \u00bb est co-\u00e9crit avec Philippe Gutton. Le dernier ouvrage r\u00e9dig\u00e9 par Marie est <i>Vivre avec l&#8217;invisible<\/i> (Robert Laffont\/Versilio).<\/p>\n<p>Elle a \u00e9t\u00e9 la premi\u00e8re psychologue int\u00e9gr\u00e9e dans une Unit\u00e9 de soins palliatifs, puis fut charg\u00e9e de mission au Minist\u00e8re de la sant\u00e9 de 2003 \u00e0 2008, o\u00f9 elle \u00e9crivit 2 rapports minist\u00e9riels sur l\u2019am\u00e9lioration des conditions du mourir en France.<\/p>\n<p>Elle anime actuellement une chronique hebdomadaire sur le \u00ab bien vieillir \u00bb sur la WEB-radio audienslemedia.org.<\/p>\n<p>Elle est par ailleurs conf\u00e9renci\u00e8re et anime des parcours \u00ab l\u2019aventure de vieillir \u00bb pour des personnes de 80 \u00e0 100 ans autonomes et r\u00e9sidant en r\u00e9sidence service.<\/p>\n<\/div><style type=\"text\/css\">@media only screen and (max-width:1200px) {.fusion-title.fusion-title-3{margin-top:10px!important; margin-right:0px!important;margin-bottom:15px!important;margin-left:0px!important;}}@media only screen and (max-width:640px) {.fusion-title.fusion-title-3{margin-top:10px!important; margin-right:0px!important;margin-bottom:10px!important; margin-left:0px!important;}}<\/style><div class=\"fusion-title title fusion-title-3 fusion-sep-none fusion-title-text fusion-title-size-two\" style=\"font-size:50px;margin-top:10px;margin-right:0px;margin-bottom:15px;margin-left:0px;\"><h2 class=\"title-heading-left fusion-responsive-typography-calculated\" style=\"margin:0;font-size:1em;color:#222266;--fontSize:50;line-height:1.2;\"><\/h2><\/div><\/div><style type=\"text\/css\">.fusion-body .fusion-builder-column-0{width:100% !important;margin-top : 0px;margin-bottom : 20px;}.fusion-builder-column-0 > .fusion-column-wrapper {padding-top : 0px !important;padding-right : 0px !important;margin-right : 1.92%;padding-bottom : 0px !important;padding-left : 0px !important;margin-left : 1.92%;}@media only screen and (max-width:1200px) {.fusion-body .fusion-builder-column-0{width:100% !important;order : 0;}.fusion-builder-column-0 > .fusion-column-wrapper {margin-right : 1.92%;margin-left : 1.92%;}}@media only screen and (max-width:640px) {.fusion-body .fusion-builder-column-0{width:100% !important;order : 0;}.fusion-builder-column-0 > .fusion-column-wrapper {margin-right : 1.92%;margin-left : 1.92%;}}<\/style><\/div><\/div><style type=\"text\/css\">.fusion-body .fusion-flex-container.fusion-builder-row-1{ padding-top : 30px;margin-top : 0px;padding-right : 30px;padding-bottom : 30px;margin-bottom : 0px;padding-left : 30px;}<\/style><\/div><div class=\"fusion-fullwidth fullwidth-box fusion-builder-row-2 fusion-flex-container nonhundred-percent-fullwidth non-hundred-percent-height-scrolling\" style=\"background-color: #ffffff;background-position: center center;background-repeat: no-repeat;border-width: 0px 0px 0px 0px;border-color:#eae9e9;border-style:solid;\" ><div class=\"fusion-builder-row fusion-row fusion-flex-align-items-flex-start\" style=\"max-width:1248px;margin-left: calc(-4% \/ 2 );margin-right: calc(-4% \/ 2 );\"><div class=\"fusion-layout-column fusion_builder_column fusion-builder-column-1 fusion_builder_column_1_1 1_1 fusion-flex-column\"><div class=\"fusion-column-wrapper fusion-flex-justify-content-flex-start fusion-content-layout-column\" style=\"background-position:left top;background-repeat:no-repeat;-webkit-background-size:cover;-moz-background-size:cover;-o-background-size:cover;background-size:cover;padding: 0px 0px 0px 0px;\"><\/div><style type=\"text\/css\">.fusion-body .fusion-builder-column-1{width:100% !important;margin-top : 0px;margin-bottom : 20px;}.fusion-builder-column-1 > .fusion-column-wrapper {padding-top : 0px !important;padding-right : 0px !important;margin-right : 1.92%;padding-bottom : 0px !important;padding-left : 0px !important;margin-left : 1.92%;}@media only screen and (max-width:1200px) {.fusion-body .fusion-builder-column-1{width:100% !important;order : 0;}.fusion-builder-column-1 > .fusion-column-wrapper {margin-right : 1.92%;margin-left : 1.92%;}}@media only screen and (max-width:640px) {.fusion-body .fusion-builder-column-1{width:100% !important;order : 0;}.fusion-builder-column-1 > .fusion-column-wrapper {margin-right : 1.92%;margin-left : 1.92%;}}<\/style><\/div><\/div><style type=\"text\/css\">.fusion-body .fusion-flex-container.fusion-builder-row-2{ padding-top : 0px;margin-top : 0px;padding-right : 0px;padding-bottom : 0px;margin-bottom : 0px;padding-left : 0px;}<\/style><\/div><div class=\"fusion-fullwidth fullwidth-box fusion-builder-row-3 fusion-flex-container nonhundred-percent-fullwidth non-hundred-percent-height-scrolling\" style=\"background-color: #ffffff;background-position: center center;background-repeat: no-repeat;border-width: 1 1 1 1;border-color:#607d8b;border-style:solid;\" ><div class=\"fusion-builder-row fusion-row fusion-flex-align-items-flex-start\" style=\"max-width:1248px;margin-left: calc(-4% \/ 2 );margin-right: calc(-4% \/ 2 );\"><div class=\"fusion-layout-column fusion_builder_column fusion-builder-column-2 fusion_builder_column_2_3 2_3 fusion-flex-column\"><div class=\"fusion-column-wrapper fusion-flex-justify-content-flex-start fusion-content-layout-column\" style=\"background-position:left top;background-repeat:no-repeat;-webkit-background-size:cover;-moz-background-size:cover;-o-background-size:cover;background-size:cover;padding: 0px 0px 0px 0px;\"><style type=\"text\/css\">@media only screen and (max-width:1200px) {.fusion-title.fusion-title-4{margin-top:10px!important; margin-right:0px!important;margin-bottom:15px!important;margin-left:0px!important;}}@media only screen and (max-width:640px) {.fusion-title.fusion-title-4{margin-top:10px!important; margin-right:0px!important;margin-bottom:10px!important; margin-left:0px!important;}}<\/style><div class=\"fusion-title title fusion-title-4 fusion-sep-none fusion-title-text fusion-title-size-five\" style=\"margin-top:10px;margin-right:0px;margin-bottom:15px;margin-left:0px;\"><h5 class=\"title-heading-left fusion-responsive-typography-calculated\" style=\"margin:0;color:#762633;--fontSize:24;line-height:1.4;\">L&#8217;ADIEU INTERDIT<\/h5><\/div><style type=\"text\/css\">@media only screen and (max-width:1200px) {.fusion-title.fusion-title-5{margin-top:10px!important; margin-right:0px!important;margin-bottom:15px!important;margin-left:0px!important;}}@media only screen and (max-width:640px) {.fusion-title.fusion-title-5{margin-top:10px!important; margin-right:0px!important;margin-bottom:10px!important; margin-left:0px!important;}}<\/style><div class=\"fusion-title title fusion-title-5 fusion-sep-none fusion-title-text fusion-title-size-six\" style=\"margin-top:10px;margin-right:0px;margin-bottom:15px;margin-left:0px;\"><h6 class=\"title-heading-left fusion-responsive-typography-calculated\" style=\"margin:0;color:#762633;--fontSize:18;--minFontSize:18px;line-height:1.5;\">La mort indigne, le deuil impossible<\/h6><\/div><div class=\"fusion-text fusion-text-2\"><p><i>Alors que les mesures sanitaires li\u00e9es \u00e0 l\u2019\u00e9pid\u00e9mie du Covid-19 instaurent le confinement absolu pour les personnes \u00e2g\u00e9es et vuln\u00e9rables au printemps 2020, Marie de Hennezel observe de tr\u00e8s pr\u00e8s les effets d\u00e9l\u00e9t\u00e8res de l\u2019interdiction des visites : perte du go\u00fbt de vivre, mort dans la solitude des personnes \u00e0 qui leurs proches ne peuvent venir dire adieu, deuil impossible.<\/i><\/p>\n<p><i>Psychologue, ayant consacr\u00e9 une grande partie de sa vie \u00e0 \u0153uvrer aupr\u00e8s des mourants, \u00e0 recueillir la parole en souffrance et \u00e0 convaincre les d\u00e9cideurs des avanc\u00e9es n\u00e9cessaires au mourir dans la dignit\u00e9, Marie de Hennezel s\u2019insurge contre le d\u00e9faut d\u2019\u00e9thique qui a caract\u00e9ris\u00e9 la gestion de l\u2019\u00e9pid\u00e9mie.<\/i><\/p>\n<p><i>Ce livre est avant tout un cri d\u2019alarme n\u00e9cessaire \u2013 \u00ab Plus jamais \u00e7a ! \u00bb \u2013 qui participe \u00e0 l\u2019indispensable prise de conscience collective de l\u2019appr\u00e9hension de la mort dans nos soci\u00e9t\u00e9s.<\/i><\/p>\n<\/div><div class=\"fusion-text fusion-text-3\"><p><span style=\"color: #000000;\">Site d&#8217;\u00e9dition :<\/span> <a href=\"http:\/\/www.plon.fr\/\" target=\"_blank\" rel=\"noopener noreferrer\">www.plon.fr<\/a><\/p>\n<\/div><\/div><style type=\"text\/css\">.fusion-body .fusion-builder-column-2{width:66.666666666667% !important;margin-top : 0px;margin-bottom : 20px;}.fusion-builder-column-2 > .fusion-column-wrapper {padding-top : 0px !important;padding-right : 0px !important;margin-right : 2.88%;padding-bottom : 0px !important;padding-left : 0px !important;margin-left : 2.88%;}@media only screen and (max-width:1200px) {.fusion-body .fusion-builder-column-2{width:100% !important;order : 0;}.fusion-builder-column-2 > .fusion-column-wrapper {margin-right : 1.92%;margin-left : 1.92%;}}@media only screen and (max-width:640px) {.fusion-body .fusion-builder-column-2{width:100% !important;order : 0;}.fusion-builder-column-2 > .fusion-column-wrapper {margin-right : 1.92%;margin-left : 1.92%;}}<\/style><\/div><div class=\"fusion-layout-column fusion_builder_column fusion-builder-column-3 fusion_builder_column_1_3 1_3 fusion-flex-column\"><div class=\"fusion-column-wrapper fusion-flex-justify-content-flex-start fusion-content-layout-column\" style=\"background-position:left top;background-repeat:no-repeat;-webkit-background-size:cover;-moz-background-size:cover;-o-background-size:cover;background-size:cover;padding: 0px 0px 0px 0px;\"><div ><span class=\" fusion-imageframe imageframe-none imageframe-2 hover-type-none\" style=\"max-width:450px;\"><img decoding=\"async\" width=\"622\" height=\"878\" title=\"Couverture-uniquement-ladieu-linterdit\" src=\"https:\/\/consciencesansfrontieres.org\/wp-content\/uploads\/2021\/02\/Couverture-uniquement-ladieu-linterdit.jpg\" data-orig-src=\"https:\/\/consciencesansfrontieres.org\/wp-content\/uploads\/2021\/02\/Couverture-uniquement-ladieu-linterdit.jpg\" alt class=\"lazyload img-responsive wp-image-1100\" srcset=\"data:image\/svg+xml,%3Csvg%20xmlns%3D%27http%3A%2F%2Fwww.w3.org%2F2000%2Fsvg%27%20width%3D%27622%27%20height%3D%27878%27%20viewBox%3D%270%200%20622%20878%27%3E%3Crect%20width%3D%27622%27%20height%3D%27878%27%20fill-opacity%3D%220%22%2F%3E%3C%2Fsvg%3E\" data-srcset=\"https:\/\/consciencesansfrontieres.org\/wp-content\/uploads\/2021\/02\/Couverture-uniquement-ladieu-linterdit-200x282.jpg 200w, https:\/\/consciencesansfrontieres.org\/wp-content\/uploads\/2021\/02\/Couverture-uniquement-ladieu-linterdit-400x565.jpg 400w, https:\/\/consciencesansfrontieres.org\/wp-content\/uploads\/2021\/02\/Couverture-uniquement-ladieu-linterdit-600x847.jpg 600w, https:\/\/consciencesansfrontieres.org\/wp-content\/uploads\/2021\/02\/Couverture-uniquement-ladieu-linterdit.jpg 622w\" data-sizes=\"auto\" data-orig-sizes=\"(max-width: 1200px) 100vw, (max-width: 640px) 100vw, 400px\" \/><\/span><\/div><\/div><style type=\"text\/css\">.fusion-body .fusion-builder-column-3{width:33.333333333333% !important;margin-top : 0px;margin-bottom : 20px;}.fusion-builder-column-3 > .fusion-column-wrapper {padding-top : 0px !important;padding-right : 0px !important;margin-right : 5.76%;padding-bottom : 0px !important;padding-left : 0px !important;margin-left : 5.76%;}@media only screen and (max-width:1200px) {.fusion-body .fusion-builder-column-3{width:100% !important;order : 0;}.fusion-builder-column-3 > .fusion-column-wrapper {margin-right : 1.92%;margin-left : 1.92%;}}@media only screen and (max-width:640px) {.fusion-body .fusion-builder-column-3{width:100% !important;order : 0;}.fusion-builder-column-3 > .fusion-column-wrapper {margin-right : 1.92%;margin-left : 1.92%;}}<\/style><\/div><\/div><style type=\"text\/css\">.fusion-body .fusion-flex-container.fusion-builder-row-3{ padding-top : 0px;margin-top : 0px;padding-right : 30px;padding-bottom : 0px;margin-bottom : 0px;padding-left : 30px;}<\/style><\/div><\/p>\n","protected":false},"excerpt":{"rendered":"","protected":false},"author":1,"featured_media":0,"parent":951,"menu_order":0,"comment_status":"closed","ping_status":"closed","template":"","meta":[],"_links":{"self":[{"href":"https:\/\/consciencesansfrontieres.org\/index.php\/wp-json\/wp\/v2\/pages\/1139"}],"collection":[{"href":"https:\/\/consciencesansfrontieres.org\/index.php\/wp-json\/wp\/v2\/pages"}],"about":[{"href":"https:\/\/consciencesansfrontieres.org\/index.php\/wp-json\/wp\/v2\/types\/page"}],"author":[{"embeddable":true,"href":"https:\/\/consciencesansfrontieres.org\/index.php\/wp-json\/wp\/v2\/users\/1"}],"replies":[{"embeddable":true,"href":"https:\/\/consciencesansfrontieres.org\/index.php\/wp-json\/wp\/v2\/comments?post=1139"}],"version-history":[{"count":4,"href":"https:\/\/consciencesansfrontieres.org\/index.php\/wp-json\/wp\/v2\/pages\/1139\/revisions"}],"predecessor-version":[{"id":2687,"href":"https:\/\/consciencesansfrontieres.org\/index.php\/wp-json\/wp\/v2\/pages\/1139\/revisions\/2687"}],"up":[{"embeddable":true,"href":"https:\/\/consciencesansfrontieres.org\/index.php\/wp-json\/wp\/v2\/pages\/951"}],"wp:attachment":[{"href":"https:\/\/consciencesansfrontieres.org\/index.php\/wp-json\/wp\/v2\/media?parent=1139"}],"curies":[{"name":"wp","href":"https:\/\/api.w.org\/{rel}","templated":true}]}}