{"id":1141,"date":"2021-02-22T17:08:47","date_gmt":"2021-02-22T16:08:47","guid":{"rendered":"http:\/\/fpsytqd.cluster030.hosting.ovh.net\/?page_id=1141"},"modified":"2021-04-09T09:03:01","modified_gmt":"2021-04-09T07:03:01","slug":"antoine-boccador-2","status":"publish","type":"page","link":"https:\/\/consciencesansfrontieres.org\/index.php\/conscience-sans-frontieres-accueil\/nos-actions\/evenements\/programme-intervenants\/antoine-boccador-2\/","title":{"rendered":"Antoine Boccador"},"content":{"rendered":"<div class=\"fusion-fullwidth fullwidth-box fusion-builder-row-1 fusion-flex-container nonhundred-percent-fullwidth non-hundred-percent-height-scrolling\" style=\"background-color: #ffffff;background-position: center center;background-repeat: no-repeat;border-width: 1 1 1 1;border-color:#607d8b;border-style:solid;\" ><div class=\"fusion-builder-row fusion-row fusion-flex-align-items-flex-start\" style=\"max-width:1248px;margin-left: calc(-4% \/ 2 );margin-right: calc(-4% \/ 2 );\"><div class=\"fusion-layout-column fusion_builder_column fusion-builder-column-0 fusion_builder_column_1_1 1_1 fusion-flex-column\"><div class=\"fusion-column-wrapper fusion-flex-justify-content-flex-start fusion-content-layout-column\" style=\"background-position:left top;background-repeat:no-repeat;-webkit-background-size:cover;-moz-background-size:cover;-o-background-size:cover;background-size:cover;padding: 0px 0px 0px 0px;\"><div style=\"text-align:center;\"><span class=\" fusion-imageframe imageframe-none imageframe-1 hover-type-none\" style=\"max-width:300px;\"><img decoding=\"async\" width=\"771\" height=\"771\" title=\"Antoine-Boccador-expe\u0301riencieur\" src=\"https:\/\/consciencesansfrontieres.org\/wp-content\/uploads\/2021\/02\/Antoine-Boccador-expe\u0301riencieur.jpeg\" data-orig-src=\"http:\/\/fpsytqd.cluster030.hosting.ovh.net\/wp-content\/uploads\/2021\/02\/Antoine-Boccador-expe\u0301riencieur.jpeg\" alt class=\"lazyload img-responsive wp-image-978\" srcset=\"data:image\/svg+xml,%3Csvg%20xmlns%3D%27http%3A%2F%2Fwww.w3.org%2F2000%2Fsvg%27%20width%3D%27771%27%20height%3D%27771%27%20viewBox%3D%270%200%20771%20771%27%3E%3Crect%20width%3D%27771%27%20height%3D%27771%27%20fill-opacity%3D%220%22%2F%3E%3C%2Fsvg%3E\" data-srcset=\"https:\/\/consciencesansfrontieres.org\/wp-content\/uploads\/2021\/02\/Antoine-Boccador-expe\u0301riencieur-200x200.jpeg 200w, https:\/\/consciencesansfrontieres.org\/wp-content\/uploads\/2021\/02\/Antoine-Boccador-expe\u0301riencieur-400x400.jpeg 400w, https:\/\/consciencesansfrontieres.org\/wp-content\/uploads\/2021\/02\/Antoine-Boccador-expe\u0301riencieur-600x600.jpeg 600w, https:\/\/consciencesansfrontieres.org\/wp-content\/uploads\/2021\/02\/Antoine-Boccador-expe\u0301riencieur.jpeg 771w\" data-sizes=\"auto\" data-orig-sizes=\"(max-width: 1200px) 100vw, (max-width: 640px) 100vw, 771px\" \/><\/span><\/div><style type=\"text\/css\">@media only screen and (max-width:1200px) {.fusion-title.fusion-title-1{margin-top:10px!important; margin-right:0px!important;margin-bottom:15px!important;margin-left:0px!important;}}@media only screen and (max-width:640px) {.fusion-title.fusion-title-1{margin-top:10px!important; margin-right:0px!important;margin-bottom:10px!important; margin-left:0px!important;}}<\/style><div class=\"fusion-title title fusion-title-1 fusion-sep-none fusion-title-text fusion-title-size-five\" style=\"margin-top:10px;margin-right:0px;margin-bottom:15px;margin-left:0px;\"><h5 class=\"title-heading-left fusion-responsive-typography-calculated\" style=\"margin:0;color:#762633;--fontSize:24;line-height:1.4;\"><div style=\"text-align: center;\"><b style=\"font-family: var(--h5_typography-font-family); font-size: var(--h5_typography-font-size); font-style: var(--h5_typography-font-style,normal); letter-spacing: var(--h5_typography-letter-spacing);\">Antoine Boccador<\/b><\/div><\/h5><\/div><style type=\"text\/css\">@media only screen and (max-width:1200px) {.fusion-title.fusion-title-2{margin-top:10px!important; margin-right:0px!important;margin-bottom:15px!important;margin-left:0px!important;}}@media only screen and (max-width:640px) {.fusion-title.fusion-title-2{margin-top:10px!important; margin-right:0px!important;margin-bottom:10px!important; margin-left:0px!important;}}<\/style><div class=\"fusion-title title fusion-title-2 fusion-sep-none fusion-title-text fusion-title-size-six\" style=\"margin-top:10px;margin-right:0px;margin-bottom:15px;margin-left:0px;\"><h6 class=\"title-heading-left fusion-responsive-typography-calculated\" style=\"margin:0;color:#762633;--fontSize:18;--minFontSize:18px;line-height:1.5;\"><div style=\"text-align: center;\">EXP\u00c9RIENCEUR<\/div><\/h6><\/div><div class=\"fusion-separator\" style=\"align-self: center;margin-left: auto;margin-right: auto;margin-bottom:30px;width:100%;max-width:150px;\"><div class=\"fusion-separator-border sep-single\" style=\"border-color:#e0dede;border-top-width:3px;\"><\/div><\/div><div class=\"fusion-text fusion-text-1\"><p>Antoine Boccador est titulaire d\u2019une Ma\u00eetrise d\u2019\u00c9conomie internationale \u00e0 Paris II Assas et d\u2019un DEA \u00e0 l\u2019\u00c9cole pratique des hautes \u00c9tudes. Aujourd\u2019hui expert en Haute \u00c9poque \u00e0 la CEEA (chambre europ\u00e9enne des Experts d\u2019Art) et auteur de plusieurs m\u00e9moires sur la sculpture et la repr\u00e9sentation du M\u00e9c\u00e8ne au 15e si\u00e8cle en Italie.<\/p>\n<p>Hospitalis\u00e9 en urgence absolue, il rentre dans le coma le 16 juin 2019, et en sortira 13 jours plus tard apr\u00e8s avoir v\u00e9cu une EMI le 19 juin. Depuis, il d\u00e9couvre au fil des mois, de nouvelles capacit\u00e9s\u2026<\/p>\n<\/div><style type=\"text\/css\">@media only screen and (max-width:1200px) {.fusion-title.fusion-title-3{margin-top:10px!important; margin-right:0px!important;margin-bottom:15px!important;margin-left:0px!important;}}@media only screen and (max-width:640px) {.fusion-title.fusion-title-3{margin-top:10px!important; margin-right:0px!important;margin-bottom:10px!important; margin-left:0px!important;}}<\/style><div class=\"fusion-title title fusion-title-3 fusion-sep-none fusion-title-text fusion-title-size-two\" style=\"font-size:50px;margin-top:10px;margin-right:0px;margin-bottom:15px;margin-left:0px;\"><h2 class=\"title-heading-left fusion-responsive-typography-calculated\" style=\"margin:0;font-size:1em;color:#222266;--fontSize:50;line-height:1.2;\"><\/h2><\/div><\/div><style type=\"text\/css\">.fusion-body .fusion-builder-column-0{width:100% !important;margin-top : 0px;margin-bottom : 20px;}.fusion-builder-column-0 > .fusion-column-wrapper {padding-top : 0px !important;padding-right : 0px !important;margin-right : 1.92%;padding-bottom : 0px !important;padding-left : 0px !important;margin-left : 1.92%;}@media only screen and (max-width:1200px) {.fusion-body .fusion-builder-column-0{width:100% !important;order : 0;}.fusion-builder-column-0 > .fusion-column-wrapper {margin-right : 1.92%;margin-left : 1.92%;}}@media only screen and (max-width:640px) {.fusion-body .fusion-builder-column-0{width:100% !important;order : 0;}.fusion-builder-column-0 > .fusion-column-wrapper {margin-right : 1.92%;margin-left : 1.92%;}}<\/style><\/div><\/div><style type=\"text\/css\">.fusion-body .fusion-flex-container.fusion-builder-row-1{ padding-top : 30px;margin-top : 0px;padding-right : 30px;padding-bottom : 30px;margin-bottom : 0px;padding-left : 30px;}<\/style><\/div>\n","protected":false},"excerpt":{"rendered":"","protected":false},"author":1,"featured_media":0,"parent":951,"menu_order":0,"comment_status":"closed","ping_status":"closed","template":"","meta":[],"_links":{"self":[{"href":"https:\/\/consciencesansfrontieres.org\/index.php\/wp-json\/wp\/v2\/pages\/1141"}],"collection":[{"href":"https:\/\/consciencesansfrontieres.org\/index.php\/wp-json\/wp\/v2\/pages"}],"about":[{"href":"https:\/\/consciencesansfrontieres.org\/index.php\/wp-json\/wp\/v2\/types\/page"}],"author":[{"embeddable":true,"href":"https:\/\/consciencesansfrontieres.org\/index.php\/wp-json\/wp\/v2\/users\/1"}],"replies":[{"embeddable":true,"href":"https:\/\/consciencesansfrontieres.org\/index.php\/wp-json\/wp\/v2\/comments?post=1141"}],"version-history":[{"count":2,"href":"https:\/\/consciencesansfrontieres.org\/index.php\/wp-json\/wp\/v2\/pages\/1141\/revisions"}],"predecessor-version":[{"id":1990,"href":"https:\/\/consciencesansfrontieres.org\/index.php\/wp-json\/wp\/v2\/pages\/1141\/revisions\/1990"}],"up":[{"embeddable":true,"href":"https:\/\/consciencesansfrontieres.org\/index.php\/wp-json\/wp\/v2\/pages\/951"}],"wp:attachment":[{"href":"https:\/\/consciencesansfrontieres.org\/index.php\/wp-json\/wp\/v2\/media?parent=1141"}],"curies":[{"name":"wp","href":"https:\/\/api.w.org\/{rel}","templated":true}]}}