{"id":1145,"date":"2021-02-22T17:27:00","date_gmt":"2021-02-22T16:27:00","guid":{"rendered":"http:\/\/fpsytqd.cluster030.hosting.ovh.net\/?page_id=1145"},"modified":"2021-04-13T11:48:29","modified_gmt":"2021-04-13T09:48:29","slug":"alain-toledano-2","status":"publish","type":"page","link":"https:\/\/consciencesansfrontieres.org\/index.php\/conscience-sans-frontieres-accueil\/nos-actions\/evenements\/programme-intervenants\/alain-toledano-2\/","title":{"rendered":"Alain Toledano"},"content":{"rendered":"<div class=\"fusion-fullwidth fullwidth-box fusion-builder-row-1 fusion-flex-container nonhundred-percent-fullwidth non-hundred-percent-height-scrolling\" style=\"background-color: #ffffff;background-position: center center;background-repeat: no-repeat;border-width: 1 1 1 1;border-color:#607d8b;border-style:solid;\" ><div class=\"fusion-builder-row fusion-row fusion-flex-align-items-flex-start\" style=\"max-width:1248px;margin-left: calc(-4% \/ 2 );margin-right: calc(-4% \/ 2 );\"><div class=\"fusion-layout-column fusion_builder_column fusion-builder-column-0 fusion_builder_column_1_1 1_1 fusion-flex-column\"><div class=\"fusion-column-wrapper fusion-flex-justify-content-flex-start fusion-content-layout-column\" style=\"background-position:left top;background-repeat:no-repeat;-webkit-background-size:cover;-moz-background-size:cover;-o-background-size:cover;background-size:cover;padding: 0px 0px 0px 0px;\"><div style=\"text-align:center;\"><span class=\" fusion-imageframe imageframe-none imageframe-1 hover-type-none\" style=\"max-width:300px;\"><img decoding=\"async\" width=\"1024\" height=\"1024\" title=\"Alain-Tole\u0301dano-1024&#215;1024\" src=\"https:\/\/consciencesansfrontieres.org\/wp-content\/uploads\/2021\/02\/Alain-Tole\u0301dano-1024x1024-1.jpeg\" data-orig-src=\"https:\/\/consciencesansfrontieres.org\/wp-content\/uploads\/2021\/02\/Alain-Tole\u0301dano-1024x1024-1.jpeg\" alt class=\"lazyload img-responsive wp-image-979\" srcset=\"data:image\/svg+xml,%3Csvg%20xmlns%3D%27http%3A%2F%2Fwww.w3.org%2F2000%2Fsvg%27%20width%3D%271024%27%20height%3D%271024%27%20viewBox%3D%270%200%201024%201024%27%3E%3Crect%20width%3D%271024%27%20height%3D%271024%27%20fill-opacity%3D%220%22%2F%3E%3C%2Fsvg%3E\" data-srcset=\"https:\/\/consciencesansfrontieres.org\/wp-content\/uploads\/2021\/02\/Alain-Tole\u0301dano-1024x1024-1-200x200.jpeg 200w, https:\/\/consciencesansfrontieres.org\/wp-content\/uploads\/2021\/02\/Alain-Tole\u0301dano-1024x1024-1-400x400.jpeg 400w, https:\/\/consciencesansfrontieres.org\/wp-content\/uploads\/2021\/02\/Alain-Tole\u0301dano-1024x1024-1-600x600.jpeg 600w, https:\/\/consciencesansfrontieres.org\/wp-content\/uploads\/2021\/02\/Alain-Tole\u0301dano-1024x1024-1-800x800.jpeg 800w, https:\/\/consciencesansfrontieres.org\/wp-content\/uploads\/2021\/02\/Alain-Tole\u0301dano-1024x1024-1.jpeg 1024w\" data-sizes=\"auto\" data-orig-sizes=\"(max-width: 1200px) 100vw, (max-width: 640px) 100vw, 1024px\" \/><\/span><\/div><style type=\"text\/css\">@media only screen and (max-width:1200px) {.fusion-title.fusion-title-1{margin-top:10px!important; margin-right:0px!important;margin-bottom:15px!important;margin-left:0px!important;}}@media only screen and (max-width:640px) {.fusion-title.fusion-title-1{margin-top:10px!important; margin-right:0px!important;margin-bottom:10px!important; margin-left:0px!important;}}<\/style><div class=\"fusion-title title fusion-title-1 fusion-sep-none fusion-title-text fusion-title-size-five\" style=\"margin-top:10px;margin-right:0px;margin-bottom:15px;margin-left:0px;\"><h5 class=\"title-heading-left fusion-responsive-typography-calculated\" style=\"margin:0;color:#762633;--fontSize:24;line-height:1.4;\"><div style=\"text-align: center;\"><span style=\"font-size: 24px;\"><b>Alain Toledano<\/b><\/span><\/div><\/h5><\/div><style type=\"text\/css\">@media only screen and (max-width:1200px) {.fusion-title.fusion-title-2{margin-top:10px!important; margin-right:0px!important;margin-bottom:15px!important;margin-left:0px!important;}}@media only screen and (max-width:640px) {.fusion-title.fusion-title-2{margin-top:10px!important; margin-right:0px!important;margin-bottom:10px!important; margin-left:0px!important;}}<\/style><div class=\"fusion-title title fusion-title-2 fusion-sep-none fusion-title-text fusion-title-size-six\" style=\"margin-top:10px;margin-right:0px;margin-bottom:15px;margin-left:0px;\"><h6 class=\"title-heading-left fusion-responsive-typography-calculated\" style=\"margin:0;color:#762633;--fontSize:18;--minFontSize:18px;line-height:1.5;\"><div style=\"text-align: center;\">CANC\u00c9ROLOGUE, RADIOTH\u00c9RAPEUTE, PR\u00c9SIDENT DE L\u2019INSTITUT RAFA\u00cbL<\/div><\/h6><\/div><div class=\"fusion-separator\" style=\"align-self: center;margin-left: auto;margin-right: auto;margin-bottom:30px;width:100%;max-width:150px;\"><div class=\"fusion-separator-border sep-single\" style=\"border-color:#e0dede;border-top-width:3px;\"><\/div><\/div><div class=\"fusion-text fusion-text-1\"><p>Alain TOLEDANO est canc\u00e9rologue radioth\u00e9rapeute, pr\u00e9sident du conseil m\u00e9dical de l\u2019Institut d\u2019Oncologie des Hauts de Seine, directeur m\u00e9dical de l\u2019institut de canc\u00e9rologie Hartmann, ex chef du p\u00f4le canc\u00e9rologie de l\u2019H\u00f4pital Am\u00e9ricain de Paris.<\/p>\n<p>Ancien Chef de Clinique des H\u00f4pitaux de Paris, il a pr\u00e9sid\u00e9 la Soci\u00e9t\u00e9 Fran\u00e7aise des Jeunes Oncologues Radioth\u00e9rapeutes puis le Club des Oncologues Radioth\u00e9rapeutes Parisiens.<\/p>\n<p>Il a d\u00e9velopp\u00e9 les technologies de haute pr\u00e9cision en Radioth\u00e9rapie moderne, en contribuant \u00e0 hisser le centre Hartmann au premier rang mondial en radiochirurgie par Cyberknife. Co-Fondateur de l\u2019unit\u00e9 de recherche clinique et de la consultation d\u2019oncog\u00e9n\u00e9tique, il est enseignant dans de nombreux dipl\u00f4mes universitaires. Chevallier de l\u2019Ordre National du M\u00e9rite, il est aussi investi dans la vie civile qu\u2019associative, et a fond\u00e9 de multiples associations comme l\u2019Association Esth\u00e9tique &amp; Cancer, Sport pour Vaincre le Cancer, ou encore l\u2019Association Franco Africaine de Canc\u00e9rologie. Le Dr Alain TOLEDANO pr\u00e9side <a href=\"https:\/\/institut-rafael.fr\/\" target=\"_blank\" rel=\"noopener noreferrer\">l\u2019Institut Rafael- Maison de l\u2019Apr\u00e8s Cancer<\/a>, qui a ouvert en d\u00e9cembre 2018, et repense la r\u00e9habilitation en combattant la fragilit\u00e9 et la rupture psycho-sociale induite par le cancer.<\/p>\n<\/div><style type=\"text\/css\">@media only screen and (max-width:1200px) {.fusion-title.fusion-title-3{margin-top:10px!important; margin-right:0px!important;margin-bottom:15px!important;margin-left:0px!important;}}@media only screen and (max-width:640px) {.fusion-title.fusion-title-3{margin-top:10px!important; margin-right:0px!important;margin-bottom:10px!important; margin-left:0px!important;}}<\/style><div class=\"fusion-title title fusion-title-3 fusion-sep-none fusion-title-text fusion-title-size-two\" style=\"font-size:50px;margin-top:10px;margin-right:0px;margin-bottom:15px;margin-left:0px;\"><h2 class=\"title-heading-left fusion-responsive-typography-calculated\" style=\"margin:0;font-size:1em;color:#222266;--fontSize:50;line-height:1.2;\"><\/h2><\/div><\/div><style type=\"text\/css\">.fusion-body .fusion-builder-column-0{width:100% !important;margin-top : 0px;margin-bottom : 20px;}.fusion-builder-column-0 > .fusion-column-wrapper {padding-top : 0px !important;padding-right : 0px !important;margin-right : 1.92%;padding-bottom : 0px !important;padding-left : 0px !important;margin-left : 1.92%;}@media only screen and (max-width:1200px) {.fusion-body .fusion-builder-column-0{width:100% !important;order : 0;}.fusion-builder-column-0 > .fusion-column-wrapper {margin-right : 1.92%;margin-left : 1.92%;}}@media only screen and (max-width:640px) {.fusion-body .fusion-builder-column-0{width:100% !important;order : 0;}.fusion-builder-column-0 > .fusion-column-wrapper {margin-right : 1.92%;margin-left : 1.92%;}}<\/style><\/div><\/div><style type=\"text\/css\">.fusion-body .fusion-flex-container.fusion-builder-row-1{ padding-top : 30px;margin-top : 0px;padding-right : 30px;padding-bottom : 30px;margin-bottom : 0px;padding-left : 30px;}<\/style><\/div>\n","protected":false},"excerpt":{"rendered":"","protected":false},"author":1,"featured_media":0,"parent":951,"menu_order":0,"comment_status":"closed","ping_status":"closed","template":"","meta":[],"_links":{"self":[{"href":"https:\/\/consciencesansfrontieres.org\/index.php\/wp-json\/wp\/v2\/pages\/1145"}],"collection":[{"href":"https:\/\/consciencesansfrontieres.org\/index.php\/wp-json\/wp\/v2\/pages"}],"about":[{"href":"https:\/\/consciencesansfrontieres.org\/index.php\/wp-json\/wp\/v2\/types\/page"}],"author":[{"embeddable":true,"href":"https:\/\/consciencesansfrontieres.org\/index.php\/wp-json\/wp\/v2\/users\/1"}],"replies":[{"embeddable":true,"href":"https:\/\/consciencesansfrontieres.org\/index.php\/wp-json\/wp\/v2\/comments?post=1145"}],"version-history":[{"count":5,"href":"https:\/\/consciencesansfrontieres.org\/index.php\/wp-json\/wp\/v2\/pages\/1145\/revisions"}],"predecessor-version":[{"id":2061,"href":"https:\/\/consciencesansfrontieres.org\/index.php\/wp-json\/wp\/v2\/pages\/1145\/revisions\/2061"}],"up":[{"embeddable":true,"href":"https:\/\/consciencesansfrontieres.org\/index.php\/wp-json\/wp\/v2\/pages\/951"}],"wp:attachment":[{"href":"https:\/\/consciencesansfrontieres.org\/index.php\/wp-json\/wp\/v2\/media?parent=1145"}],"curies":[{"name":"wp","href":"https:\/\/api.w.org\/{rel}","templated":true}]}}