{"id":1147,"date":"2021-02-22T17:29:33","date_gmt":"2021-02-22T16:29:33","guid":{"rendered":"http:\/\/fpsytqd.cluster030.hosting.ovh.net\/?page_id=1147"},"modified":"2021-04-09T09:14:37","modified_gmt":"2021-04-09T07:14:37","slug":"thierry-duclos-2","status":"publish","type":"page","link":"https:\/\/consciencesansfrontieres.org\/index.php\/conscience-sans-frontieres-accueil\/nos-actions\/evenements\/programme-intervenants\/thierry-duclos-2\/","title":{"rendered":"Thierry Duclos"},"content":{"rendered":"<div class=\"fusion-fullwidth fullwidth-box fusion-builder-row-1 fusion-flex-container nonhundred-percent-fullwidth non-hundred-percent-height-scrolling\" style=\"background-color: #ffffff;background-position: center center;background-repeat: no-repeat;border-width: 1 1 1 1;border-color:#607d8b;border-style:solid;\" ><div class=\"fusion-builder-row fusion-row fusion-flex-align-items-flex-start\" style=\"max-width:1248px;margin-left: calc(-4% \/ 2 );margin-right: calc(-4% \/ 2 );\"><div class=\"fusion-layout-column fusion_builder_column fusion-builder-column-0 fusion_builder_column_1_1 1_1 fusion-flex-column\"><div class=\"fusion-column-wrapper fusion-flex-justify-content-flex-start fusion-content-layout-column\" style=\"background-position:left top;background-repeat:no-repeat;-webkit-background-size:cover;-moz-background-size:cover;-o-background-size:cover;background-size:cover;padding: 0px 0px 0px 0px;\"><div style=\"text-align:center;\"><span class=\" fusion-imageframe imageframe-none imageframe-1 hover-type-none\" style=\"max-width:300px;\"><img decoding=\"async\" width=\"1024\" height=\"1024\" title=\"thierry_duclos-1024&#215;1024\" src=\"https:\/\/consciencesansfrontieres.org\/wp-content\/uploads\/2021\/02\/thierry_duclos-1024x1024-1.jpg\" data-orig-src=\"http:\/\/fpsytqd.cluster030.hosting.ovh.net\/wp-content\/uploads\/2021\/02\/thierry_duclos-1024x1024-1.jpg\" alt class=\"lazyload img-responsive wp-image-982\" srcset=\"data:image\/svg+xml,%3Csvg%20xmlns%3D%27http%3A%2F%2Fwww.w3.org%2F2000%2Fsvg%27%20width%3D%271024%27%20height%3D%271024%27%20viewBox%3D%270%200%201024%201024%27%3E%3Crect%20width%3D%271024%27%20height%3D%271024%27%20fill-opacity%3D%220%22%2F%3E%3C%2Fsvg%3E\" data-srcset=\"https:\/\/consciencesansfrontieres.org\/wp-content\/uploads\/2021\/02\/thierry_duclos-1024x1024-1-200x200.jpg 200w, https:\/\/consciencesansfrontieres.org\/wp-content\/uploads\/2021\/02\/thierry_duclos-1024x1024-1-400x400.jpg 400w, https:\/\/consciencesansfrontieres.org\/wp-content\/uploads\/2021\/02\/thierry_duclos-1024x1024-1-600x600.jpg 600w, https:\/\/consciencesansfrontieres.org\/wp-content\/uploads\/2021\/02\/thierry_duclos-1024x1024-1-800x800.jpg 800w, https:\/\/consciencesansfrontieres.org\/wp-content\/uploads\/2021\/02\/thierry_duclos-1024x1024-1.jpg 1024w\" data-sizes=\"auto\" data-orig-sizes=\"(max-width: 1200px) 100vw, (max-width: 640px) 100vw, 1024px\" \/><\/span><\/div><style type=\"text\/css\">@media only screen and (max-width:1200px) {.fusion-title.fusion-title-1{margin-top:10px!important; margin-right:0px!important;margin-bottom:15px!important;margin-left:0px!important;}}@media only screen and (max-width:640px) {.fusion-title.fusion-title-1{margin-top:10px!important; margin-right:0px!important;margin-bottom:10px!important; margin-left:0px!important;}}<\/style><div class=\"fusion-title title fusion-title-1 fusion-sep-none fusion-title-text fusion-title-size-five\" style=\"margin-top:10px;margin-right:0px;margin-bottom:15px;margin-left:0px;\"><h5 class=\"title-heading-left fusion-responsive-typography-calculated\" style=\"margin:0;color:#762633;--fontSize:24;line-height:1.4;\"><div style=\"text-align: center;\"><b style=\"font-family: var(--h5_typography-font-family); font-size: var(--h5_typography-font-size); font-style: var(--h5_typography-font-style,normal); letter-spacing: var(--h5_typography-letter-spacing);\">Thierry Duclos<\/b><\/div><\/h5><\/div><style type=\"text\/css\">@media only screen and (max-width:1200px) {.fusion-title.fusion-title-2{margin-top:10px!important; margin-right:0px!important;margin-bottom:15px!important;margin-left:0px!important;}}@media only screen and (max-width:640px) {.fusion-title.fusion-title-2{margin-top:10px!important; margin-right:0px!important;margin-bottom:10px!important; margin-left:0px!important;}}<\/style><div class=\"fusion-title title fusion-title-2 fusion-sep-none fusion-title-text fusion-title-size-six\" style=\"margin-top:10px;margin-right:0px;margin-bottom:15px;margin-left:0px;\"><h6 class=\"title-heading-left fusion-responsive-typography-calculated\" style=\"margin:0;color:#762633;--fontSize:18;--minFontSize:18px;line-height:1.5;\"><div style=\"text-align: center;\">M\u00c9DECIN URGENTISTE<\/div><\/h6><\/div><div class=\"fusion-separator\" style=\"align-self: center;margin-left: auto;margin-right: auto;margin-bottom:30px;width:100%;max-width:150px;\"><div class=\"fusion-separator-border sep-single\" style=\"border-color:#e0dede;border-top-width:3px;\"><\/div><\/div><div class=\"fusion-text fusion-text-1\"><p>\u00c2g\u00e9 de 60 ans, il a effectu\u00e9 sa carri\u00e8re de m\u00e9decin urgentiste \u00e0 l\u2019h\u00f4pital. Il a fait ses \u00e9tudes \u00e0 la facult\u00e9 de Montpellier et son internat en h\u00f4pital de brousse en Guyane. Puis il a exerc\u00e9 dans plusieurs domaines, depuis la r\u00e9animation n\u00e9onatale, en passant par l\u2019\u00e9ducation pour la sant\u00e9 pour la jeunesse en difficult\u00e9, et la m\u00e9decine en milieu p\u00e9nitentiaire. Il travaille aujourd\u2019hui au SAMU du centre hospitalier de N\u00eemes.<\/p>\n<p>C\u2019est au milieu de ses \u00e9tudes qu\u2019il a d\u00e9marr\u00e9 sa pratique bouddhique, et a fait alors un grand v\u0153u : \u00ab \u00eatre un m\u00e9decin de la loi merveilleuse \u00bb.<\/p>\n<p>Il affirme que les diff\u00e9rents volets de sa vie professionnelle se sont organis\u00e9es en r\u00e9ponse \u00e0 cette pri\u00e8re, jusqu\u2019\u00e0 la maladie qui l\u2019a affect\u00e9 \u00e0 l\u2019\u00e2ge de 54 ans sous la forme d\u2019un Lymphome malin non hodgkinien de haut grade, d\u2019embl\u00e9e au stade 4, r\u00e9fractaire \u00e0 toutes les chimioth\u00e9rapies. Peu apr\u00e8s ses 58 ans, alors que tout semblait perdu et qu\u2019il \u00e9tait dans une acceptation sinc\u00e8re et digne de la mort, il a alors b\u00e9n\u00e9fici\u00e9 d\u2019un traitement innovant r\u00e9volutionnaire qui a permis un total renversement de situation. En un mois il se retrouvait en r\u00e9mission totale.<\/p>\n<p>Pour compl\u00e9ter son portrait, il est mari\u00e9 avec celle qui l\u2019a soutenu au travers de cette destin\u00e9e particuli\u00e8re et est p\u00e8re de cinq enfants. Enfin, avec son \u00e9pouse, ils sont les fondateurs et les permanents d\u2019un lieu de vie o\u00f9 ils accueillent dix jeunes de l\u2019aide sociale \u00e0 l\u2019enfance.<\/p>\n<p>Il en est le pr\u00e9sident avec son \u00e9pouse comme responsable. Ils partagent le quotidien de ces enfants avec une \u00e9quipe \u00e9ducative.<\/p>\n<\/div><style type=\"text\/css\">@media only screen and (max-width:1200px) {.fusion-title.fusion-title-3{margin-top:10px!important; margin-right:0px!important;margin-bottom:15px!important;margin-left:0px!important;}}@media only screen and (max-width:640px) {.fusion-title.fusion-title-3{margin-top:10px!important; margin-right:0px!important;margin-bottom:10px!important; margin-left:0px!important;}}<\/style><div class=\"fusion-title title fusion-title-3 fusion-sep-none fusion-title-text fusion-title-size-two\" style=\"font-size:50px;margin-top:10px;margin-right:0px;margin-bottom:15px;margin-left:0px;\"><h2 class=\"title-heading-left fusion-responsive-typography-calculated\" style=\"margin:0;font-size:1em;color:#222266;--fontSize:50;line-height:1.2;\"><\/h2><\/div><\/div><style type=\"text\/css\">.fusion-body .fusion-builder-column-0{width:100% !important;margin-top : 0px;margin-bottom : 20px;}.fusion-builder-column-0 > .fusion-column-wrapper {padding-top : 0px !important;padding-right : 0px !important;margin-right : 1.92%;padding-bottom : 0px !important;padding-left : 0px !important;margin-left : 1.92%;}@media only screen and (max-width:1200px) {.fusion-body .fusion-builder-column-0{width:100% !important;order : 0;}.fusion-builder-column-0 > .fusion-column-wrapper {margin-right : 1.92%;margin-left : 1.92%;}}@media only screen and (max-width:640px) {.fusion-body .fusion-builder-column-0{width:100% !important;order : 0;}.fusion-builder-column-0 > .fusion-column-wrapper {margin-right : 1.92%;margin-left : 1.92%;}}<\/style><\/div><\/div><style type=\"text\/css\">.fusion-body .fusion-flex-container.fusion-builder-row-1{ padding-top : 30px;margin-top : 0px;padding-right : 30px;padding-bottom : 30px;margin-bottom : 0px;padding-left : 30px;}<\/style><\/div>\n","protected":false},"excerpt":{"rendered":"","protected":false},"author":1,"featured_media":0,"parent":951,"menu_order":0,"comment_status":"closed","ping_status":"closed","template":"","meta":[],"_links":{"self":[{"href":"https:\/\/consciencesansfrontieres.org\/index.php\/wp-json\/wp\/v2\/pages\/1147"}],"collection":[{"href":"https:\/\/consciencesansfrontieres.org\/index.php\/wp-json\/wp\/v2\/pages"}],"about":[{"href":"https:\/\/consciencesansfrontieres.org\/index.php\/wp-json\/wp\/v2\/types\/page"}],"author":[{"embeddable":true,"href":"https:\/\/consciencesansfrontieres.org\/index.php\/wp-json\/wp\/v2\/users\/1"}],"replies":[{"embeddable":true,"href":"https:\/\/consciencesansfrontieres.org\/index.php\/wp-json\/wp\/v2\/comments?post=1147"}],"version-history":[{"count":2,"href":"https:\/\/consciencesansfrontieres.org\/index.php\/wp-json\/wp\/v2\/pages\/1147\/revisions"}],"predecessor-version":[{"id":2012,"href":"https:\/\/consciencesansfrontieres.org\/index.php\/wp-json\/wp\/v2\/pages\/1147\/revisions\/2012"}],"up":[{"embeddable":true,"href":"https:\/\/consciencesansfrontieres.org\/index.php\/wp-json\/wp\/v2\/pages\/951"}],"wp:attachment":[{"href":"https:\/\/consciencesansfrontieres.org\/index.php\/wp-json\/wp\/v2\/media?parent=1147"}],"curies":[{"name":"wp","href":"https:\/\/api.w.org\/{rel}","templated":true}]}}