{"id":1333,"date":"2021-02-26T11:05:07","date_gmt":"2021-02-26T10:05:07","guid":{"rendered":"http:\/\/fpsytqd.cluster030.hosting.ovh.net\/?page_id=1333"},"modified":"2021-03-25T16:13:45","modified_gmt":"2021-03-25T15:13:45","slug":"simpliquer","status":"publish","type":"page","link":"https:\/\/consciencesansfrontieres.org\/index.php\/conscience-sans-frontieres-accueil\/simpliquer\/","title":{"rendered":"S&#8217;impliquer"},"content":{"rendered":"<div class=\"fusion-fullwidth fullwidth-box fusion-builder-row-1 fusion-flex-container nonhundred-percent-fullwidth non-hundred-percent-height-scrolling\" style=\"background-color: #ffffff;background-position: center center;background-repeat: no-repeat;box-shadow: 0px 0px ;border-width: 0px 0px 0px 0px;border-color:#eae9e9;border-style:solid;\" ><div class=\"fusion-builder-row fusion-row fusion-flex-align-items-flex-start\" style=\"max-width:1248px;margin-left: calc(-4% \/ 2 );margin-right: calc(-4% \/ 2 );\"><div class=\"fusion-layout-column fusion_builder_column fusion-builder-column-0 fusion_builder_column_1_1 1_1 fusion-flex-column\"><div class=\"fusion-column-wrapper fusion-flex-justify-content-flex-start fusion-content-layout-column\" style=\"background-position:left top;background-repeat:no-repeat;-webkit-background-size:cover;-moz-background-size:cover;-o-background-size:cover;background-size:cover;padding: 0px 0px 0px 0px;\"><div class=\"fusion-text fusion-text-1\"><p>C&#8217;est gr\u00e2ce \u00e0 vous que la recherche scientifique avance, c&#8217;est gr\u00e2ce \u00e0 vos t\u00e9moignages que le Fonds se d\u00e9veloppe, ce sont vos questions qui nous permettent de d\u00e9bloquer nos raisonnements, c&#8217;est votre potentiel qui d\u00e9veloppe nos activit\u00e9s.<\/p>\n<p>En vous impliquant vous soutenez une fondation aux programmes de recherche novateurs et interdisciplinaires. Vous \u0153uvrez au partage positif des connaissances et \u00e0 la sensibilisation de la communaut\u00e9 m\u00e9dicale et du grand public, pour un meilleur accompagnement des personnes en fin de vie et la meilleure compr\u00e9hension des effets th\u00e9rapeutiques des \u00e9tats de conscience modifi\u00e9e. Vous affirmez votre engagement dans une m\u00e9decine humaniste, qui place le patient au centre de son action.<\/p>\n<\/div><\/div><style type=\"text\/css\">.fusion-body .fusion-builder-column-0{width:100% !important;margin-top : 0px;margin-bottom : 20px;}.fusion-builder-column-0 > .fusion-column-wrapper {padding-top : 0px !important;padding-right : 0px !important;margin-right : 1.92%;padding-bottom : 0px !important;padding-left : 0px !important;margin-left : 1.92%;}@media only screen and (max-width:1200px) {.fusion-body .fusion-builder-column-0{width:100% !important;order : 0;}.fusion-builder-column-0 > .fusion-column-wrapper {margin-right : 1.92%;margin-left : 1.92%;}}@media only screen and (max-width:640px) {.fusion-body .fusion-builder-column-0{width:100% !important;order : 0;}.fusion-builder-column-0 > .fusion-column-wrapper {margin-right : 1.92%;margin-left : 1.92%;}}<\/style><\/div><div class=\"fusion-layout-column fusion_builder_column fusion-builder-column-1 fusion_builder_column_1_1 1_1 fusion-flex-column\"><div class=\"fusion-column-wrapper fusion-flex-justify-content-flex-start fusion-content-layout-column\" style=\"background-position:left top;background-repeat:no-repeat;-webkit-background-size:cover;-moz-background-size:cover;-o-background-size:cover;background-size:cover;padding: 0px 0px 0px 0px;\"><div class=\"fusion-builder-row fusion-builder-row-inner fusion-row fusion-flex-align-items-flex-start\" style=\"width:104% !important;max-width:104% !important;margin-left: calc(-4% \/ 2 );margin-right: calc(-4% \/ 2 );\"><div class=\"fusion-layout-column fusion_builder_column_inner fusion-builder-nested-column-0 fusion_builder_column_inner_1_3 1_3 fusion-flex-column fusion-column-inner-bg-wrapper fusion-column-liftup-border\"><div class=\"fusion-column-wrapper fusion-flex-justify-content-flex-start fusion-content-layout-column\" style=\"padding: 30px 30px 70px 30px;\"><div style=\"text-align:center;\"><style>.fusion-imageframe.imageframe-1{ margin-bottom : 80px;}<\/style><span class=\" fusion-imageframe imageframe-none imageframe-1 hover-type-none\" style=\"max-width:165px;\"><a class=\"fusion-no-lightbox\" href=\"https:\/\/bit.ly\/3hK3sL2\" target=\"_self\" aria-label=\"don-jaune1\"><img decoding=\"async\" width=\"821\" height=\"465\" src=\"https:\/\/consciencesansfrontieres.org\/wp-content\/uploads\/2021\/02\/don-jaune1.png\" data-orig-src=\"https:\/\/consciencesansfrontieres.org\/wp-content\/uploads\/2021\/02\/don-jaune1.png\" alt class=\"lazyload img-responsive wp-image-859\" srcset=\"data:image\/svg+xml,%3Csvg%20xmlns%3D%27http%3A%2F%2Fwww.w3.org%2F2000%2Fsvg%27%20width%3D%27821%27%20height%3D%27465%27%20viewBox%3D%270%200%20821%20465%27%3E%3Crect%20width%3D%27821%27%20height%3D%27465%27%20fill-opacity%3D%220%22%2F%3E%3C%2Fsvg%3E\" data-srcset=\"https:\/\/consciencesansfrontieres.org\/wp-content\/uploads\/2021\/02\/don-jaune1-200x113.png 200w, https:\/\/consciencesansfrontieres.org\/wp-content\/uploads\/2021\/02\/don-jaune1-400x227.png 400w, https:\/\/consciencesansfrontieres.org\/wp-content\/uploads\/2021\/02\/don-jaune1-600x340.png 600w, https:\/\/consciencesansfrontieres.org\/wp-content\/uploads\/2021\/02\/don-jaune1-800x453.png 800w, https:\/\/consciencesansfrontieres.org\/wp-content\/uploads\/2021\/02\/don-jaune1.png 821w\" data-sizes=\"auto\" data-orig-sizes=\"(max-width: 1200px) 100vw, (max-width: 640px) 100vw, 400px\" \/><\/a><\/span><\/div><style type=\"text\/css\">@media only screen and (max-width:1200px) {.fusion-title.fusion-title-1{margin-top:-20px!important; margin-right:0px!important;margin-bottom:15px!important;margin-left:0px!important;}}@media only screen and (max-width:640px) {.fusion-title.fusion-title-1{margin-top:-20px!important; margin-right:0px!important;margin-bottom:10px!important; margin-left:0px!important;}}<\/style><div class=\"fusion-title title fusion-title-1 fusion-sep-none fusion-title-center fusion-title-text fusion-title-size-two\" style=\"font-size:23px;margin-top:-20px;margin-right:0px;margin-bottom:15px;margin-left:0px;\"><h2 class=\"title-heading-center fusion-responsive-typography-calculated\" style=\"font-family:&quot;Montserrat&quot;;font-weight:700;margin:0;font-size:1em;color:#1b3c43;--fontSize:23;line-height:1.2;\"><span style=\"font-family: 'Share Tech'; font-weight: 400;\" data-fusion-font=\"true\" data-fusion-google-font=\"Share Tech\" data-fusion-google-variant=\"400\">Faire un don<\/span><\/h2><\/div><div class=\"fusion-separator\" style=\"align-self: center;margin-left: auto;margin-right: auto;margin-top:15px;margin-bottom:30px;width:100%;max-width:120px;\"><div class=\"fusion-separator-border sep-single\" style=\"border-color:#1b3c43;border-top-width:4px;\"><\/div><\/div><div class=\"fusion-text fusion-text-2\"><p style=\"text-align: center;\">En faisant un don, vous montrez votre soutien aux \u00e9quipes de chercheurs, vous permettez le <b>financement des recherches<\/b>, des d\u00e9placements et du mat\u00e9riel de laboratoire. Vous vous impliquez pour un projet \u00e9thique, de soci\u00e9t\u00e9, et d&#8217;actualit\u00e9.<\/p>\n<\/div><\/div><span class=\"fusion-column-inner-bg hover-type-liftup\"><a class=\"fusion-column-anchor\" href=\"https:\/\/consciencesansfrontieres.org\/index.php\/conscience-sans-frontieres-accueil\/simpliquer\/soutenez-nous\/\"><span class=\"fusion-column-inner-bg-image\" style=\"background-color:#ffffff;background-position:left top;background-repeat:no-repeat;-webkit-background-size:cover;-moz-background-size:cover;-o-background-size:cover;background-size:cover;\"><\/span><\/a><\/span><style type=\"text\/css\">.fusion-body .fusion-builder-nested-column-0{width:33.333333333333% !important;margin-top : 0px;margin-bottom : 0px;}.fusion-builder-nested-column-0 > .fusion-column-wrapper {padding-top : 30px !important;padding-right : 30px !important;margin-right : 0%;padding-bottom : 70px !important;padding-left : 30px !important;margin-left : 5.76%;}.fusion-flex-container .fusion-row .fusion-builder-nested-column-0 > .fusion-column-inner-bg { margin-right:0%;margin-left:5.76%; }@media only screen and (max-width:1200px) {.fusion-body .fusion-builder-nested-column-0{width:33.333333333333% !important;}.fusion-builder-nested-column-0 > .fusion-column-wrapper {margin-right : 0%;margin-left : 5.76%;}.fusion-flex-container .fusion-row .fusion-builder-nested-column-0 > .fusion-column-inner-bg { margin-right:0%;margin-left:5.76%; }}@media only screen and (max-width:640px) {.fusion-body .fusion-builder-nested-column-0{width:100% !important;}.fusion-builder-nested-column-0 > .fusion-column-wrapper {margin-right : 1.92%;margin-left : 1.92%;}.fusion-flex-container .fusion-row .fusion-builder-nested-column-0 > .fusion-column-inner-bg { margin-right:1.92%;margin-left:1.92%; }}<\/style><\/div><div class=\"fusion-layout-column fusion_builder_column_inner fusion-builder-nested-column-1 fusion_builder_column_inner_1_3 1_3 fusion-flex-column fusion-column-inner-bg-wrapper fusion-column-liftup-border\"><div class=\"fusion-column-wrapper fusion-flex-justify-content-flex-start fusion-content-layout-column\" style=\"padding: 30px 30px 30px 30px;\"><div style=\"text-align:center;\"><style>.fusion-imageframe.imageframe-2{ margin-bottom : 40px;}<\/style><span class=\" fusion-imageframe imageframe-none imageframe-2 hover-type-none\" style=\"max-width:165px;\"><a class=\"fusion-no-lightbox\" href=\"https:\/\/bit.ly\/3hK3sL2\" target=\"_self\" aria-label=\"benevole-jaune\"><img decoding=\"async\" width=\"593\" height=\"489\" src=\"https:\/\/consciencesansfrontieres.org\/wp-content\/uploads\/2021\/02\/benevole-jaune.png\" data-orig-src=\"https:\/\/consciencesansfrontieres.org\/wp-content\/uploads\/2021\/02\/benevole-jaune.png\" alt class=\"lazyload img-responsive wp-image-856\" srcset=\"data:image\/svg+xml,%3Csvg%20xmlns%3D%27http%3A%2F%2Fwww.w3.org%2F2000%2Fsvg%27%20width%3D%27593%27%20height%3D%27489%27%20viewBox%3D%270%200%20593%20489%27%3E%3Crect%20width%3D%27593%27%20height%3D%27489%27%20fill-opacity%3D%220%22%2F%3E%3C%2Fsvg%3E\" data-srcset=\"https:\/\/consciencesansfrontieres.org\/wp-content\/uploads\/2021\/02\/benevole-jaune-200x165.png 200w, https:\/\/consciencesansfrontieres.org\/wp-content\/uploads\/2021\/02\/benevole-jaune-400x330.png 400w, https:\/\/consciencesansfrontieres.org\/wp-content\/uploads\/2021\/02\/benevole-jaune.png 593w\" data-sizes=\"auto\" data-orig-sizes=\"(max-width: 1200px) 100vw, (max-width: 640px) 100vw, 400px\" \/><\/a><\/span><\/div><style type=\"text\/css\">@media only screen and (max-width:1200px) {.fusion-title.fusion-title-2{margin-top:-20px!important; margin-right:0px!important;margin-bottom:15px!important;margin-left:0px!important;}}@media only screen and (max-width:640px) {.fusion-title.fusion-title-2{margin-top:-20px!important; margin-right:0px!important;margin-bottom:10px!important; margin-left:0px!important;}}<\/style><div class=\"fusion-title title fusion-title-2 fusion-sep-none fusion-title-center fusion-title-text fusion-title-size-two\" style=\"font-size:23px;margin-top:-20px;margin-right:0px;margin-bottom:15px;margin-left:0px;\"><h2 class=\"title-heading-center fusion-responsive-typography-calculated\" style=\"font-family:&quot;Montserrat&quot;;font-weight:700;margin:0;font-size:1em;color:#1b3c43;--fontSize:23;line-height:1.2;\"><span style=\"font-family: 'Share Tech'; font-weight: 400;\" data-fusion-font=\"true\" data-fusion-google-font=\"Share Tech\" data-fusion-google-variant=\"400\">Devenir B\u00e9n\u00e9vole<\/span><\/h2><\/div><div class=\"fusion-separator\" style=\"align-self: center;margin-left: auto;margin-right: auto;margin-top:15px;margin-bottom:30px;width:100%;max-width:120px;\"><div class=\"fusion-separator-border sep-single\" style=\"border-color:#1b3c43;border-top-width:4px;\"><\/div><\/div><div class=\"fusion-text fusion-text-3\"><p style=\"text-align: center;\">Vos comp\u00e9tences et <b>votre temps<\/b> sont indispensables \u00e0 l&#8217;avancement de nos actions.<\/p>\n<p style=\"text-align: center;\">Valorisez <b>vos comp\u00e9tences<\/b> au travers d&#8217;une action pour le bien de la soci\u00e9t\u00e9.<\/p>\n<p style=\"text-align: center;\">Organisation d&#8217;\u00e9v\u00e9nements, recherche et r\u00e9daction de contenus&#8230;<\/p>\n<\/div><\/div><span class=\"fusion-column-inner-bg hover-type-liftup\"><a class=\"fusion-column-anchor\" href=\"https:\/\/consciencesansfrontieres.org\/index.php\/benevoles\/\"><span class=\"fusion-column-inner-bg-image\" style=\"background-color:rgba(200,155,161,0.23);background-position:left top;background-repeat:no-repeat;-webkit-background-size:cover;-moz-background-size:cover;-o-background-size:cover;background-size:cover;\"><\/span><\/a><\/span><style type=\"text\/css\">.fusion-body .fusion-builder-nested-column-1{width:33.333333333333% !important;margin-top : 0px;margin-bottom : 0px;}.fusion-builder-nested-column-1 > .fusion-column-wrapper {padding-top : 30px !important;padding-right : 30px !important;margin-right : 0%;padding-bottom : 30px !important;padding-left : 30px !important;margin-left : 0%;}.fusion-flex-container .fusion-row .fusion-builder-nested-column-1 > .fusion-column-inner-bg { margin-right:0%;margin-left:0%; }@media only screen and (max-width:1200px) {.fusion-body .fusion-builder-nested-column-1{width:33.333333333333% !important;}.fusion-builder-nested-column-1 > .fusion-column-wrapper {margin-right : 0%;margin-left : 0%;}.fusion-flex-container .fusion-row .fusion-builder-nested-column-1 > .fusion-column-inner-bg { margin-right:0%;margin-left:0%; }}@media only screen and (max-width:640px) {.fusion-body .fusion-builder-nested-column-1{width:100% !important;}.fusion-builder-nested-column-1 > .fusion-column-wrapper {margin-right : 1.92%;margin-left : 1.92%;}.fusion-flex-container .fusion-row .fusion-builder-nested-column-1 > .fusion-column-inner-bg { margin-right:1.92%;margin-left:1.92%; }}<\/style><\/div><div class=\"fusion-layout-column fusion_builder_column_inner fusion-builder-nested-column-2 fusion_builder_column_inner_1_3 1_3 fusion-flex-column fusion-column-inner-bg-wrapper fusion-column-liftup-border\"><div class=\"fusion-column-wrapper fusion-flex-justify-content-flex-start fusion-content-layout-column\" style=\"padding: 30px 30px 40px 30px;\"><div style=\"text-align:center;\"><style>.fusion-imageframe.imageframe-3{ margin-bottom : 60px;}<\/style><span class=\" fusion-imageframe imageframe-none imageframe-3 hover-type-none\" style=\"max-width:165px;\"><a class=\"fusion-no-lightbox\" href=\"https:\/\/bit.ly\/3hK3sL2\" target=\"_self\" aria-label=\"te\u0301moignage-jaune\"><img decoding=\"async\" width=\"659\" height=\"471\" src=\"https:\/\/consciencesansfrontieres.org\/wp-content\/uploads\/2021\/02\/te\u0301moignage-jaune.png\" data-orig-src=\"https:\/\/consciencesansfrontieres.org\/wp-content\/uploads\/2021\/02\/te\u0301moignage-jaune.png\" alt class=\"lazyload img-responsive wp-image-862\" srcset=\"data:image\/svg+xml,%3Csvg%20xmlns%3D%27http%3A%2F%2Fwww.w3.org%2F2000%2Fsvg%27%20width%3D%27659%27%20height%3D%27471%27%20viewBox%3D%270%200%20659%20471%27%3E%3Crect%20width%3D%27659%27%20height%3D%27471%27%20fill-opacity%3D%220%22%2F%3E%3C%2Fsvg%3E\" data-srcset=\"https:\/\/consciencesansfrontieres.org\/wp-content\/uploads\/2021\/02\/te\u0301moignage-jaune-200x143.png 200w, https:\/\/consciencesansfrontieres.org\/wp-content\/uploads\/2021\/02\/te\u0301moignage-jaune-400x286.png 400w, https:\/\/consciencesansfrontieres.org\/wp-content\/uploads\/2021\/02\/te\u0301moignage-jaune-600x429.png 600w, https:\/\/consciencesansfrontieres.org\/wp-content\/uploads\/2021\/02\/te\u0301moignage-jaune.png 659w\" data-sizes=\"auto\" data-orig-sizes=\"(max-width: 1200px) 100vw, (max-width: 640px) 100vw, 400px\" \/><\/a><\/span><\/div><style type=\"text\/css\">@media only screen and (max-width:1200px) {.fusion-title.fusion-title-3{margin-top:-20px!important; margin-right:0px!important;margin-bottom:15px!important;margin-left:0px!important;}}@media only screen and (max-width:640px) {.fusion-title.fusion-title-3{margin-top:-20px!important; margin-right:0px!important;margin-bottom:10px!important; margin-left:0px!important;}}<\/style><div class=\"fusion-title title fusion-title-3 fusion-sep-none fusion-title-center fusion-title-text fusion-title-size-two\" style=\"font-size:23px;margin-top:-20px;margin-right:0px;margin-bottom:15px;margin-left:0px;\"><h2 class=\"title-heading-center fusion-responsive-typography-calculated\" style=\"font-family:&quot;Montserrat&quot;;font-weight:700;margin:0;font-size:1em;color:#1b3c43;--fontSize:23;line-height:1.2;\"><span style=\"font-family: 'Share Tech'; font-weight: 400;\" data-fusion-font=\"true\" data-fusion-google-font=\"Share Tech\" data-fusion-google-variant=\"400\">T\u00e9moigner<\/span><\/h2><\/div><div class=\"fusion-separator\" style=\"align-self: center;margin-left: auto;margin-right: auto;margin-top:15px;margin-bottom:30px;width:100%;max-width:120px;\"><div class=\"fusion-separator-border sep-single\" style=\"border-color:#1b3c43;border-top-width:4px;\"><\/div><\/div><div class=\"fusion-text fusion-text-4\"><p style=\"text-align: center; padding-left: 0px;\">Vous avez v\u00e9cu une EMI ou avez accompagn\u00e9 des <span style=\"color: var(--body_typography-color); font-family: var(--body_typography-font-family); font-size: var(--body_typography-font-size); font-style: var(--body_typography-font-style,normal); font-weight: var(--body_typography-font-weight); letter-spacing: var(--body_typography-letter-spacing);\">personnes en partance, vous souhaitez partager votre <\/span><span style=\"color: var(--body_typography-color); font-family: var(--body_typography-font-family); font-size: var(--body_typography-font-size); font-style: var(--body_typography-font-style,normal); font-weight: var(--body_typography-font-weight); letter-spacing: var(--body_typography-letter-spacing);\">r\u00e9cit afin de faire avancer la recherche scientifique, lib\u00e9rer la parole des <\/span><span style=\"color: var(--body_typography-color); font-family: var(--body_typography-font-family); font-size: var(--body_typography-font-size); font-style: var(--body_typography-font-style,normal); letter-spacing: var(--body_typography-letter-spacing);\"><b>exp\u00e9rienceurs<\/b><\/span><span style=\"color: var(--body_typography-color); font-family: var(--body_typography-font-family); font-size: var(--body_typography-font-size); font-style: var(--body_typography-font-style,normal); font-weight: var(--body_typography-font-weight); letter-spacing: var(--body_typography-letter-spacing);\">, de <\/span><span style=\"color: var(--body_typography-color); font-family: var(--body_typography-font-family); font-size: var(--body_typography-font-size); font-style: var(--body_typography-font-style,normal); font-weight: var(--body_typography-font-weight); letter-spacing: var(--body_typography-letter-spacing);\">faciliter la communication de ces \u00e9v\u00e9nements encore <\/span><span style=\"color: var(--body_typography-color); font-family: var(--body_typography-font-family); font-size: var(--body_typography-font-size); font-style: var(--body_typography-font-style,normal); letter-spacing: var(--body_typography-letter-spacing);\"><b>tabou<\/b><\/span><span style=\"color: var(--body_typography-color); font-family: var(--body_typography-font-family); font-size: var(--body_typography-font-size); font-style: var(--body_typography-font-style,normal); font-weight: var(--body_typography-font-weight); letter-spacing: var(--body_typography-letter-spacing);\"> dans le milieu scientifique m\u00e9dical.<\/span><\/p>\n<\/div><\/div><span class=\"fusion-column-inner-bg hover-type-liftup\"><a class=\"fusion-column-anchor\" href=\"https:\/\/consciencesansfrontieres.org\/index.php\/temoigner\/\"><span class=\"fusion-column-inner-bg-image\" style=\"background-color:#ffffff;background-position:left top;background-repeat:no-repeat;-webkit-background-size:cover;-moz-background-size:cover;-o-background-size:cover;background-size:cover;\"><\/span><\/a><\/span><style type=\"text\/css\">.fusion-body .fusion-builder-nested-column-2{width:33.333333333333% !important;margin-top : 0px;margin-bottom : 0px;}.fusion-builder-nested-column-2 > .fusion-column-wrapper {padding-top : 30px !important;padding-right : 30px !important;margin-right : 5.76%;padding-bottom : 40px !important;padding-left : 30px !important;margin-left : 0%;}.fusion-flex-container .fusion-row .fusion-builder-nested-column-2 > .fusion-column-inner-bg { margin-right:5.76%;margin-left:0%; }@media only screen and (max-width:1200px) {.fusion-body .fusion-builder-nested-column-2{width:33.333333333333% !important;}.fusion-builder-nested-column-2 > .fusion-column-wrapper {margin-right : 5.76%;margin-left : 0%;}.fusion-flex-container .fusion-row .fusion-builder-nested-column-2 > .fusion-column-inner-bg { margin-right:5.76%;margin-left:0%; }}@media only screen and (max-width:640px) {.fusion-body .fusion-builder-nested-column-2{width:100% !important;}.fusion-builder-nested-column-2 > .fusion-column-wrapper {margin-right : 1.92%;margin-left : 1.92%;}.fusion-flex-container .fusion-row .fusion-builder-nested-column-2 > .fusion-column-inner-bg { margin-right:1.92%;margin-left:1.92%; }}<\/style><\/div><\/div><\/div><style type=\"text\/css\">.fusion-body .fusion-builder-column-1{width:100% !important;margin-top : 0px;margin-bottom : 20px;}.fusion-builder-column-1 > .fusion-column-wrapper {padding-top : 0px !important;padding-right : 0px !important;margin-right : 1.92%;padding-bottom : 0px !important;padding-left : 0px !important;margin-left : 1.92%;}@media only screen and (max-width:1200px) {.fusion-body .fusion-builder-column-1{width:100% !important;order : 0;}.fusion-builder-column-1 > .fusion-column-wrapper {margin-right : 1.92%;margin-left : 1.92%;}}@media only screen and (max-width:640px) {.fusion-body .fusion-builder-column-1{width:100% !important;order : 0;}.fusion-builder-column-1 > .fusion-column-wrapper {margin-right : 1.92%;margin-left : 1.92%;}}<\/style><\/div><\/div><style type=\"text\/css\">.fusion-body .fusion-flex-container.fusion-builder-row-1{ padding-top : 20px;margin-top : 0px;padding-right : 20px;padding-bottom : 20px;margin-bottom : 0px;padding-left : 20px;}<\/style><\/div>\n","protected":false},"excerpt":{"rendered":"","protected":false},"author":1,"featured_media":0,"parent":768,"menu_order":0,"comment_status":"closed","ping_status":"closed","template":"","meta":[],"_links":{"self":[{"href":"https:\/\/consciencesansfrontieres.org\/index.php\/wp-json\/wp\/v2\/pages\/1333"}],"collection":[{"href":"https:\/\/consciencesansfrontieres.org\/index.php\/wp-json\/wp\/v2\/pages"}],"about":[{"href":"https:\/\/consciencesansfrontieres.org\/index.php\/wp-json\/wp\/v2\/types\/page"}],"author":[{"embeddable":true,"href":"https:\/\/consciencesansfrontieres.org\/index.php\/wp-json\/wp\/v2\/users\/1"}],"replies":[{"embeddable":true,"href":"https:\/\/consciencesansfrontieres.org\/index.php\/wp-json\/wp\/v2\/comments?post=1333"}],"version-history":[{"count":6,"href":"https:\/\/consciencesansfrontieres.org\/index.php\/wp-json\/wp\/v2\/pages\/1333\/revisions"}],"predecessor-version":[{"id":1823,"href":"https:\/\/consciencesansfrontieres.org\/index.php\/wp-json\/wp\/v2\/pages\/1333\/revisions\/1823"}],"up":[{"embeddable":true,"href":"https:\/\/consciencesansfrontieres.org\/index.php\/wp-json\/wp\/v2\/pages\/768"}],"wp:attachment":[{"href":"https:\/\/consciencesansfrontieres.org\/index.php\/wp-json\/wp\/v2\/media?parent=1333"}],"curies":[{"name":"wp","href":"https:\/\/api.w.org\/{rel}","templated":true}]}}