{"id":1874,"date":"2021-03-26T10:48:33","date_gmt":"2021-03-26T09:48:33","guid":{"rendered":"https:\/\/medecineetconscience.com\/?page_id=1874"},"modified":"2021-04-09T09:12:31","modified_gmt":"2021-04-09T07:12:31","slug":"miriam-gablier-2","status":"publish","type":"page","link":"https:\/\/consciencesansfrontieres.org\/index.php\/conscience-sans-frontieres-accueil\/nos-actions\/evenements\/programme-intervenants\/miriam-gablier-2\/","title":{"rendered":"Miriam Gablier"},"content":{"rendered":"<div class=\"fusion-fullwidth fullwidth-box fusion-builder-row-1 fusion-flex-container nonhundred-percent-fullwidth non-hundred-percent-height-scrolling\" style=\"background-color: #ffffff;background-position: center center;background-repeat: no-repeat;border-width: 1 1 1 1;border-color:#607d8b;border-style:solid;\" ><div class=\"fusion-builder-row fusion-row fusion-flex-align-items-flex-start\" style=\"max-width:1248px;margin-left: calc(-4% \/ 2 );margin-right: calc(-4% \/ 2 );\"><div class=\"fusion-layout-column fusion_builder_column fusion-builder-column-0 fusion_builder_column_1_1 1_1 fusion-flex-column\"><div class=\"fusion-column-wrapper fusion-flex-justify-content-flex-start fusion-content-layout-column\" style=\"background-position:left top;background-repeat:no-repeat;-webkit-background-size:cover;-moz-background-size:cover;-o-background-size:cover;background-size:cover;padding: 0px 0px 0px 0px;\"><div style=\"text-align:center;\"><span class=\" fusion-imageframe imageframe-none imageframe-1 hover-type-none\" style=\"max-width:300px;\"><img decoding=\"async\" width=\"1024\" height=\"1024\" alt=\"Photographie Olivier Seignette\" title=\"Miriam Gablier 1024&#215;1024\" src=\"https:\/\/consciencesansfrontieres.org\/wp-content\/uploads\/2021\/03\/Miriam-Gablier-1024x1024-1.jpg\" data-orig-src=\"https:\/\/consciencesansfrontieres.org\/wp-content\/uploads\/2021\/03\/Miriam-Gablier-1024x1024-1.jpg\" class=\"lazyload img-responsive wp-image-1875\" srcset=\"data:image\/svg+xml,%3Csvg%20xmlns%3D%27http%3A%2F%2Fwww.w3.org%2F2000%2Fsvg%27%20width%3D%271024%27%20height%3D%271024%27%20viewBox%3D%270%200%201024%201024%27%3E%3Crect%20width%3D%271024%27%20height%3D%271024%27%20fill-opacity%3D%220%22%2F%3E%3C%2Fsvg%3E\" data-srcset=\"https:\/\/consciencesansfrontieres.org\/wp-content\/uploads\/2021\/03\/Miriam-Gablier-1024x1024-1-200x200.jpg 200w, https:\/\/consciencesansfrontieres.org\/wp-content\/uploads\/2021\/03\/Miriam-Gablier-1024x1024-1-400x400.jpg 400w, https:\/\/consciencesansfrontieres.org\/wp-content\/uploads\/2021\/03\/Miriam-Gablier-1024x1024-1-600x600.jpg 600w, https:\/\/consciencesansfrontieres.org\/wp-content\/uploads\/2021\/03\/Miriam-Gablier-1024x1024-1-800x800.jpg 800w, https:\/\/consciencesansfrontieres.org\/wp-content\/uploads\/2021\/03\/Miriam-Gablier-1024x1024-1.jpg 1024w\" data-sizes=\"auto\" data-orig-sizes=\"(max-width: 1200px) 100vw, (max-width: 640px) 100vw, 1024px\" \/><\/span><\/div><style type=\"text\/css\">@media only screen and (max-width:1200px) {.fusion-title.fusion-title-1{margin-top:10px!important; margin-right:0px!important;margin-bottom:15px!important;margin-left:0px!important;}}@media only screen and (max-width:640px) {.fusion-title.fusion-title-1{margin-top:10px!important; margin-right:0px!important;margin-bottom:10px!important; margin-left:0px!important;}}<\/style><div class=\"fusion-title title fusion-title-1 fusion-sep-none fusion-title-text fusion-title-size-five\" style=\"margin-top:10px;margin-right:0px;margin-bottom:15px;margin-left:0px;\"><h5 class=\"title-heading-left fusion-responsive-typography-calculated\" style=\"margin:0;color:#762633;--fontSize:24;line-height:1.4;\"><div style=\"text-align: center;\"><b style=\"font-family: var(--h5_typography-font-family); font-size: var(--h5_typography-font-size); font-style: var(--h5_typography-font-style,normal); letter-spacing: var(--h5_typography-letter-spacing);\">Miriam Gablier<\/b><\/div><\/h5><\/div><style type=\"text\/css\">@media only screen and (max-width:1200px) {.fusion-title.fusion-title-2{margin-top:10px!important; margin-right:0px!important;margin-bottom:15px!important;margin-left:0px!important;}}@media only screen and (max-width:640px) {.fusion-title.fusion-title-2{margin-top:10px!important; margin-right:0px!important;margin-bottom:10px!important; margin-left:0px!important;}}<\/style><div class=\"fusion-title title fusion-title-2 fusion-sep-none fusion-title-text fusion-title-size-six\" style=\"margin-top:10px;margin-right:0px;margin-bottom:15px;margin-left:0px;\"><h6 class=\"title-heading-left fusion-responsive-typography-calculated\" style=\"margin:0;color:#762633;--fontSize:18;--minFontSize:18px;line-height:1.5;\"><div style=\"text-align: center;\"><span style=\"font-family: var(--h6_typography-font-family); font-size: var(--h6_typography-font-size); font-style: var(--h6_typography-font-style,normal); font-weight: var(--h6_typography-font-weight); letter-spacing: var(--h6_typography-letter-spacing);\">PSYCHOTH\u00c9RAPEUTE, AUTEURE, PHILOSOPHE, HISTORIENNE<\/span><\/div><\/h6><\/div><div class=\"fusion-separator\" style=\"align-self: center;margin-left: auto;margin-right: auto;margin-bottom:30px;width:100%;max-width:150px;\"><div class=\"fusion-separator-border sep-single\" style=\"border-color:#e0dede;border-top-width:3px;\"><\/div><\/div><div class=\"fusion-text fusion-text-1\"><p>Miriam est passionn\u00e9e par les questions qui touchent \u00e0 la relation corps\/esprit et \u00e0 la conscience. Elle a d\u00e9marr\u00e9 son parcours en tant que th\u00e9rapeute en psychocorporel puis auteure-journaliste sp\u00e9cialiste des th\u00e9rapies novatrices. Actuellement, Miriam est historienne et formatrice en th\u00e9rapie psychocorporelle.<\/p>\n<p>Apr\u00e8s l&#8217;\u00e9criture d&#8217;un<span style=\"color: var(--body_typography-color); font-family: var(--body_typography-font-family); font-size: var(--body_typography-font-size); font-style: var(--body_typography-font-style,normal); font-weight: var(--body_typography-font-weight); letter-spacing: var(--body_typography-letter-spacing);\"> m\u00e9moire de Master de philosophie sur la relation corps-esprit vue par la ph\u00e9nom\u00e9nologie et sur la n\u00e9cessit\u00e9 de sortir d&#8217;une m\u00e9taphysique dualiste, Miriam est actuellement en recherche<\/span><span style=\"color: var(--body_typography-color); font-family: var(--body_typography-font-family); font-size: var(--body_typography-font-size); font-style: var(--body_typography-font-style,normal); font-weight: var(--body_typography-font-weight); letter-spacing: var(--body_typography-letter-spacing);\"> doctorale en Histoire sur la relation corps-conscience \u00e0 l&#8217;extr\u00eame, examinant les mod\u00e8les psychiques \u00e9labor\u00e9s, de la fin du XIXe si\u00e8cle \u00e0 nos jours, qui permettraient de penser l&#8217;hypoth\u00e8se de la survie de &#8220;quelque chose&#8221; au del\u00e0 de la mort.<\/span><\/p>\n<p><span style=\"color: var(--body_typography-color); font-family: var(--body_typography-font-family); font-size: var(--body_typography-font-size); font-style: var(--body_typography-font-style,normal); font-weight: var(--body_typography-font-weight); letter-spacing: var(--body_typography-letter-spacing);\">&#8220;Pouvons-nous penser la survie sans retomber dans un dualisme corps-esprit ?&#8221; <\/span><\/p>\n<p><span style=\"color: var(--body_typography-color); font-family: var(--body_typography-font-family); font-size: var(--body_typography-font-size); font-style: var(--body_typography-font-style,normal); font-weight: var(--body_typography-font-weight); letter-spacing: var(--body_typography-letter-spacing);\">Photographie Olivier Seignette<\/span><\/p>\n<p><span style=\"color: var(--body_typography-color); font-family: var(--body_typography-font-family); font-size: var(--body_typography-font-size); font-style: var(--body_typography-font-style,normal); font-weight: var(--body_typography-font-weight); letter-spacing: var(--body_typography-letter-spacing);\">\u00a0<\/span><\/p>\n<p style=\"text-align: center;\"><span style=\"color: var(--body_typography-color); font-family: var(--body_typography-font-family); font-size: var(--body_typography-font-size); font-style: var(--body_typography-font-style,normal); font-weight: var(--body_typography-font-weight); letter-spacing: var(--body_typography-letter-spacing);\">&#8212;&#8212;&#8212;&#8212;&#8212; <a href=\"www.miriamgablier.fr\" target=\"_blank\" rel=\"noopener noreferrer\">Site de Miriam<\/a> <\/span><span style=\"color: var(--body_typography-color); font-family: var(--body_typography-font-family); font-size: var(--body_typography-font-size); font-style: var(--body_typography-font-style,normal); font-weight: var(--body_typography-font-weight); letter-spacing: var(--body_typography-letter-spacing);\">&#8212;&#8212;&#8212;&#8212;&#8212;<\/span><\/p>\n<\/div><style type=\"text\/css\">@media only screen and (max-width:1200px) {.fusion-title.fusion-title-3{margin-top:10px!important; margin-right:0px!important;margin-bottom:15px!important;margin-left:0px!important;}}@media only screen and (max-width:640px) {.fusion-title.fusion-title-3{margin-top:10px!important; margin-right:0px!important;margin-bottom:10px!important; margin-left:0px!important;}}<\/style><div class=\"fusion-title title fusion-title-3 fusion-sep-none fusion-title-text fusion-title-size-two\" style=\"font-size:50px;margin-top:10px;margin-right:0px;margin-bottom:15px;margin-left:0px;\"><h2 class=\"title-heading-left fusion-responsive-typography-calculated\" style=\"margin:0;font-size:1em;color:#222266;--fontSize:50;line-height:1.2;\"><\/h2><\/div><\/div><style type=\"text\/css\">.fusion-body .fusion-builder-column-0{width:100% !important;margin-top : 0px;margin-bottom : 20px;}.fusion-builder-column-0 > .fusion-column-wrapper {padding-top : 0px !important;padding-right : 0px !important;margin-right : 1.92%;padding-bottom : 0px !important;padding-left : 0px !important;margin-left : 1.92%;}@media only screen and (max-width:1200px) {.fusion-body .fusion-builder-column-0{width:100% !important;order : 0;}.fusion-builder-column-0 > .fusion-column-wrapper {margin-right : 1.92%;margin-left : 1.92%;}}@media only screen and (max-width:640px) {.fusion-body .fusion-builder-column-0{width:100% !important;order : 0;}.fusion-builder-column-0 > .fusion-column-wrapper {margin-right : 1.92%;margin-left : 1.92%;}}<\/style><\/div><\/div><style type=\"text\/css\">.fusion-body .fusion-flex-container.fusion-builder-row-1{ padding-top : 30px;margin-top : 0px;padding-right : 30px;padding-bottom : 30px;margin-bottom : 0px;padding-left : 30px;}<\/style><\/div>\n","protected":false},"excerpt":{"rendered":"","protected":false},"author":1,"featured_media":0,"parent":951,"menu_order":0,"comment_status":"closed","ping_status":"closed","template":"","meta":[],"_links":{"self":[{"href":"https:\/\/consciencesansfrontieres.org\/index.php\/wp-json\/wp\/v2\/pages\/1874"}],"collection":[{"href":"https:\/\/consciencesansfrontieres.org\/index.php\/wp-json\/wp\/v2\/pages"}],"about":[{"href":"https:\/\/consciencesansfrontieres.org\/index.php\/wp-json\/wp\/v2\/types\/page"}],"author":[{"embeddable":true,"href":"https:\/\/consciencesansfrontieres.org\/index.php\/wp-json\/wp\/v2\/users\/1"}],"replies":[{"embeddable":true,"href":"https:\/\/consciencesansfrontieres.org\/index.php\/wp-json\/wp\/v2\/comments?post=1874"}],"version-history":[{"count":8,"href":"https:\/\/consciencesansfrontieres.org\/index.php\/wp-json\/wp\/v2\/pages\/1874\/revisions"}],"predecessor-version":[{"id":2009,"href":"https:\/\/consciencesansfrontieres.org\/index.php\/wp-json\/wp\/v2\/pages\/1874\/revisions\/2009"}],"up":[{"embeddable":true,"href":"https:\/\/consciencesansfrontieres.org\/index.php\/wp-json\/wp\/v2\/pages\/951"}],"wp:attachment":[{"href":"https:\/\/consciencesansfrontieres.org\/index.php\/wp-json\/wp\/v2\/media?parent=1874"}],"curies":[{"name":"wp","href":"https:\/\/api.w.org\/{rel}","templated":true}]}}