{"id":2050,"date":"2021-04-12T16:48:43","date_gmt":"2021-04-12T14:48:43","guid":{"rendered":"https:\/\/medecineetconscience.com\/?page_id=2050"},"modified":"2021-04-12T16:48:43","modified_gmt":"2021-04-12T14:48:43","slug":"giga-consciousness-appel-a-volontaires","status":"publish","type":"page","link":"https:\/\/consciencesansfrontieres.org\/index.php\/conscience-sans-frontieres-accueil\/nos-actions\/recherches-scientifiques\/giga-consciousness-appel-a-volontaires\/","title":{"rendered":"GIGA Consciousness : Appel \u00e0 volontaires"},"content":{"rendered":"<div class=\"fusion-fullwidth fullwidth-box fusion-builder-row-1 fusion-flex-container nonhundred-percent-fullwidth non-hundred-percent-height-scrolling\" style=\"background-color: #ffffff;background-position: center center;background-repeat: no-repeat;border-width: 0px 0px 0px 0px;border-color:#eae9e9;border-style:solid;\" ><div class=\"fusion-builder-row fusion-row fusion-flex-align-items-flex-start\" style=\"max-width:1248px;margin-left: calc(-4% \/ 2 );margin-right: calc(-4% \/ 2 );\"><div class=\"fusion-layout-column fusion_builder_column fusion-builder-column-0 fusion_builder_column_1_1 1_1 fusion-flex-column\"><div class=\"fusion-column-wrapper fusion-flex-justify-content-flex-start fusion-content-layout-column\" style=\"background-position:left top;background-repeat:no-repeat;-webkit-background-size:cover;-moz-background-size:cover;-o-background-size:cover;background-size:cover;padding: 0px 0px 0px 0px;\"><style type=\"text\/css\">@media only screen and (max-width:1200px) {.fusion-title.fusion-title-1{margin-top:10px!important; margin-right:0px!important;margin-bottom:15px!important;margin-left:0px!important;}}@media only screen and (max-width:640px) {.fusion-title.fusion-title-1{margin-top:10px!important; margin-right:0px!important;margin-bottom:10px!important; margin-left:0px!important;}}<\/style><div class=\"fusion-title title fusion-title-1 fusion-sep-none fusion-title-text fusion-title-size-four\" style=\"margin-top:10px;margin-right:0px;margin-bottom:15px;margin-left:0px;\"><h4 class=\"title-heading-left fusion-responsive-typography-calculated\" style=\"margin:0;--fontSize:28;line-height:1.36;\"><h3 class=\"headTitle h-nomargin\" style=\"text-align: center;\"><strong>Recherche de volontaires :\u00a0<\/strong><\/h3>\n<h3 class=\"headTitle h-nomargin\" style=\"text-align: center;\">Etude clinique pionni\u00e8re sur les effets de l\u2019apprentissage de la transe pour des patients oncologiques.<\/h3><\/h4><\/div><div style=\"text-align:center;\"><style>.fusion-imageframe.imageframe-1{ margin-top : 30px;margin-right : 30px;margin-bottom : 30px;margin-left : 30px;}<\/style><span class=\" fusion-imageframe imageframe-none imageframe-1 hover-type-none\" style=\"max-width:500px;\"><img decoding=\"async\" width=\"1024\" height=\"576\" title=\"CSF-Transe-GIGAC\" src=\"https:\/\/consciencesansfrontieres.org\/wp-content\/uploads\/2021\/04\/CSF-Transe-GIGAC.jpg\" data-orig-src=\"https:\/\/consciencesansfrontieres.org\/wp-content\/uploads\/2021\/04\/CSF-Transe-GIGAC.jpg\" alt class=\"lazyload img-responsive wp-image-2051\" srcset=\"data:image\/svg+xml,%3Csvg%20xmlns%3D%27http%3A%2F%2Fwww.w3.org%2F2000%2Fsvg%27%20width%3D%271024%27%20height%3D%27576%27%20viewBox%3D%270%200%201024%20576%27%3E%3Crect%20width%3D%271024%27%20height%3D%27576%27%20fill-opacity%3D%220%22%2F%3E%3C%2Fsvg%3E\" data-srcset=\"https:\/\/consciencesansfrontieres.org\/wp-content\/uploads\/2021\/04\/CSF-Transe-GIGAC-200x113.jpg 200w, https:\/\/consciencesansfrontieres.org\/wp-content\/uploads\/2021\/04\/CSF-Transe-GIGAC-400x225.jpg 400w, https:\/\/consciencesansfrontieres.org\/wp-content\/uploads\/2021\/04\/CSF-Transe-GIGAC-600x338.jpg 600w, https:\/\/consciencesansfrontieres.org\/wp-content\/uploads\/2021\/04\/CSF-Transe-GIGAC-800x450.jpg 800w, https:\/\/consciencesansfrontieres.org\/wp-content\/uploads\/2021\/04\/CSF-Transe-GIGAC.jpg 1024w\" data-sizes=\"auto\" data-orig-sizes=\"(max-width: 1200px) 100vw, (max-width: 640px) 100vw, 1024px\" \/><\/span><\/div><div class=\"fusion-text fusion-text-1\"><p><i><span style=\"color: #000000;\">Le Dr Audrey Vanhaudenhuyse (Centre Interdisciplinaire d\u2019Algologie, CHU &amp; GIGA Consciousness) et le Dr Olivia Gosseries (chercheuse qualifi\u00e9e FNRS, GIGA-Consciousness, Uli\u00e8ge et Centre du Cerveau2, CHU) unissent leurs expertises pour lancer un projet novateur sur les effets de la transe cognitive pratiqu\u00e9e par des patients oncologiques. Ce projet est soutenu par le T\u00e9l\u00e9vie et par la Fondation contre le Cancer.<\/span><\/i><\/p>\n<\/div><div class=\"fusion-text fusion-text-2\"><p style=\"text-align: justify;\">A<span style=\"color: var(--body_typography-color); font-family: var(--body_typography-font-family); font-size: var(--body_typography-font-size); font-style: var(--body_typography-font-style,normal); font-weight: var(--body_typography-font-weight); letter-spacing: var(--body_typography-letter-spacing);\">udrey Vanhaudenhuyse, en collaboration avec Marie-Elisabeth Faymonville, sp\u00e9cialiste de l\u2019hypnose, et du Pr Guy Jerusalem, oncologue, a d\u00e9j\u00e0 men\u00e9 des \u00e9tudes sur les effets de l\u2019apprentissage de l\u2019auto-hypnose et l\u2019autobienveillance par des patients atteints d\u2019un cancer ou de douleurs chroniques. Les r\u00e9sultats de ces \u00e9tudes confirment que cet apprentissage permet une am\u00e9lioration de la gestion \u00e9motionnelle li\u00e9e \u00e0 la maladie, une diminution des douleurs, de la fatigue et de l\u2019anxi\u00e9t\u00e9, ainsi qu\u2019une am\u00e9lioration de la qualit\u00e9 de vie.<\/span><\/p>\n<p style=\"text-align: justify;\">Tout comme l\u2019hypnose, la transe cognitive est une pratique qui induit volontairement un \u00e9tat de conscience modifi\u00e9e. Corine Sombrun, qui a inspir\u00e9 l\u2019histoire du film \u00ab Un monde plus grand \u00bb de Fabienne Berthaud, collabore depuis 2006 avec des chercheurs dans le but de comprendre les m\u00e9canismes c\u00e9r\u00e9braux li\u00e9s aux \u00e9tats de transe. Les r\u00e9sultats de ces \u00e9tudes ont initi\u00e9 de nouveaux protocoles de recherches, notamment au CHU et \u00e0 l\u2019Universit\u00e9 de Li\u00e8ge sous la direction des Dr Olivia Gosseries et Audrey Vanhaudenhuyse, en collaboration avec le Pr Steven Laureys. Experte en transe cognitive, Corine Sombrun a d\u00e9velopp\u00e9 une technique dont le but est de permettre \u00e0 tout un chacun d\u2019induire une transe par des sons puis par la seule volont\u00e9.<\/p>\n<p style=\"text-align: justify;\">Audrey Vanhaudenhuyse, Olivia Gosseries et Charlotte Gr\u00e9goire (post-doctorante) se pencheront sur les effets de l\u2019apprentissage de la transe cognitive sur la gestion \u00e9motionnelle, les douleurs, la fatigue, l\u2019anxi\u00e9t\u00e9 et la d\u00e9pression, comparativement \u00e0 ceux induits par la pratique de l\u2019auto-hypnose ou de la m\u00e9ditation chez des patients ayant eu un cancer. Alors que l\u2019hypnose est une technique dont le but est de provoquer un \u00e9tat de d\u00e9tente et de relaxation qui va engendrer de l\u2019imagerie mentale, la transe va \u00eatre bas\u00e9e sur le mouvement, le chant et l\u2019expression corporelle. De nombreuses observations laissent penser que la transe cognitive pourrait avoir un potentiel th\u00e9rapeutique int\u00e9ressant mais aucune \u00e9tude scientifique n\u2019a \u00e9t\u00e9 men\u00e9e actuellement. Cette \u00e9tude, fruit d\u2019une collaboration entre l\u2019ULi\u00e8ge, le CHU et l\u2019Institut TranseScience (Paris) sera la premi\u00e8re \u00e9tude mondiale sur la transe avec une application clinique.<\/p>\n<p style=\"text-align: center; color: #000000; font-size: 20px;\" data-fusion-font=\"true\">Recherche de volontaires<\/p>\n<p>Les chercheuses du GIGA-Consciousness sont donc \u00e0 la recherche de volontaires pour participer \u00e0 l\u2019\u00e9tude. Certaines personnes recevront un apprentissage d\u2019autohypnose et d\u2019autres de transe cognitive.<\/p>\n<p>Les conditions pour se porter volontaire \u00e0 cette \u00e9tude :<\/p>\n<ul>\n<li>Avoir plus de 18 ans<\/li>\n<li>Avoir eu un cancer r\u00e9cemment et avoir imp\u00e9rativement termin\u00e9 les traitements mais depuis moins d\u2019un an<\/li>\n<li>Ne pas pratiquer r\u00e9guli\u00e8rement l\u2019hypnose, la transe cognitive ou la m\u00e9ditation<\/li>\n<\/ul>\n<p style=\"text-align: justify;\">Pratiquement, les participants du groupe d\u2019autohypnose devront venir au CHU pour plusieurs s\u00e9ances d\u2019hypnose. Pour la transe, il s\u2019agira de 2 fois 2 jours complets d\u2019apprentissage. Des questionnaires vous seront soumis avant et apr\u00e8s ces s\u00e9ances. Un suivi sera \u00e9galement effectu\u00e9 3 mois et un an apr\u00e8s la fin de l\u2019apprentissage afin d\u2019\u00e9valuer la dur\u00e9e des effets potentiels. Certaines personnes devront \u00e9galement se soumettre \u00e0 des \u00e9lectroenc\u00e9phalogrammes (EEG) pour \u00e9valuer les \u00e9ventuels changements neurophysiologiques suite \u00e0 l\u2019apprentissage de la transe.<\/p>\n<p style=\"text-align: justify;\">\n<p style=\"text-align: center;\"><b style=\"color: #000000; font-size: 23px;\" data-fusion-font=\"true\">CONTACTER : Charlotte Gr\u00e9goire &#8211; ch.gregoire@uliege.be<\/b><\/p>\n<\/div><div style=\"text-align:center;\"><style>.fusion-body .fusion-button.button-1{border-radius:0px 0px 0px 0px;}<\/style><a class=\"fusion-button button-flat fusion-button-default-size button-default button-1 fusion-button-default-span fusion-button-default-type\" target=\"_blank\" rel=\"noopener noreferrer\" href=\"https:\/\/www.gigaconsciousness.uliege.be\/cms\/c_6462781\/fr\/etude-clinique-pionniere-sur-les-effets-de-l-apprentissage-de-la-transe-pour-des-patients-oncologiques-recherche-de-volontaires\"><span class=\"fusion-button-text\">Voir le giga consciousness<\/span><\/a><\/div><\/div><style type=\"text\/css\">.fusion-body .fusion-builder-column-0{width:100% !important;margin-top : 0px;margin-bottom : 20px;}.fusion-builder-column-0 > .fusion-column-wrapper {padding-top : 0px !important;padding-right : 0px !important;margin-right : 1.92%;padding-bottom : 0px !important;padding-left : 0px !important;margin-left : 1.92%;}@media only screen and (max-width:1200px) {.fusion-body .fusion-builder-column-0{width:100% !important;order : 0;}.fusion-builder-column-0 > .fusion-column-wrapper {margin-right : 1.92%;margin-left : 1.92%;}}@media only screen and (max-width:640px) {.fusion-body .fusion-builder-column-0{width:100% !important;order : 0;}.fusion-builder-column-0 > .fusion-column-wrapper {margin-right : 1.92%;margin-left : 1.92%;}}<\/style><\/div><\/div><style type=\"text\/css\">.fusion-body .fusion-flex-container.fusion-builder-row-1{ padding-top : 0px;margin-top : 0px;padding-right : 0px;padding-bottom : 0px;margin-bottom : 0px;padding-left : 0px;}<\/style><\/div>\n","protected":false},"excerpt":{"rendered":"","protected":false},"author":1,"featured_media":0,"parent":903,"menu_order":0,"comment_status":"closed","ping_status":"closed","template":"","meta":[],"_links":{"self":[{"href":"https:\/\/consciencesansfrontieres.org\/index.php\/wp-json\/wp\/v2\/pages\/2050"}],"collection":[{"href":"https:\/\/consciencesansfrontieres.org\/index.php\/wp-json\/wp\/v2\/pages"}],"about":[{"href":"https:\/\/consciencesansfrontieres.org\/index.php\/wp-json\/wp\/v2\/types\/page"}],"author":[{"embeddable":true,"href":"https:\/\/consciencesansfrontieres.org\/index.php\/wp-json\/wp\/v2\/users\/1"}],"replies":[{"embeddable":true,"href":"https:\/\/consciencesansfrontieres.org\/index.php\/wp-json\/wp\/v2\/comments?post=2050"}],"version-history":[{"count":4,"href":"https:\/\/consciencesansfrontieres.org\/index.php\/wp-json\/wp\/v2\/pages\/2050\/revisions"}],"predecessor-version":[{"id":2055,"href":"https:\/\/consciencesansfrontieres.org\/index.php\/wp-json\/wp\/v2\/pages\/2050\/revisions\/2055"}],"up":[{"embeddable":true,"href":"https:\/\/consciencesansfrontieres.org\/index.php\/wp-json\/wp\/v2\/pages\/903"}],"wp:attachment":[{"href":"https:\/\/consciencesansfrontieres.org\/index.php\/wp-json\/wp\/v2\/media?parent=2050"}],"curies":[{"name":"wp","href":"https:\/\/api.w.org\/{rel}","templated":true}]}}