{"id":2111,"date":"2021-04-19T11:44:09","date_gmt":"2021-04-19T09:44:09","guid":{"rendered":"https:\/\/medecineetconscience.com\/?page_id=2111"},"modified":"2021-04-19T12:13:18","modified_gmt":"2021-04-19T10:13:18","slug":"giga-consciousness-appel-a-temoignages","status":"publish","type":"page","link":"https:\/\/consciencesansfrontieres.org\/index.php\/conscience-sans-frontieres-accueil\/nos-actions\/recherches-scientifiques\/giga-consciousness-appel-a-temoignages\/","title":{"rendered":"GIGA Consciousness : Appel \u00e0 t\u00e9moignages"},"content":{"rendered":"<div class=\"fusion-fullwidth fullwidth-box fusion-builder-row-1 fusion-flex-container nonhundred-percent-fullwidth non-hundred-percent-height-scrolling\" style=\"background-color: #ffffff;background-position: center center;background-repeat: no-repeat;border-width: 0px 0px 0px 0px;border-color:#eae9e9;border-style:solid;\" ><div class=\"fusion-builder-row fusion-row fusion-flex-align-items-flex-start\" style=\"max-width:1248px;margin-left: calc(-4% \/ 2 );margin-right: calc(-4% \/ 2 );\"><div class=\"fusion-layout-column fusion_builder_column fusion-builder-column-0 fusion_builder_column_1_1 1_1 fusion-flex-column\"><div class=\"fusion-column-wrapper fusion-flex-justify-content-flex-start fusion-content-layout-column\" style=\"background-position:left top;background-repeat:no-repeat;-webkit-background-size:cover;-moz-background-size:cover;-o-background-size:cover;background-size:cover;padding: 0px 0px 0px 0px;\"><style type=\"text\/css\">@media only screen and (max-width:1200px) {.fusion-title.fusion-title-1{margin-top:10px!important; margin-right:0px!important;margin-bottom:15px!important;margin-left:0px!important;}}@media only screen and (max-width:640px) {.fusion-title.fusion-title-1{margin-top:10px!important; margin-right:0px!important;margin-bottom:10px!important; margin-left:0px!important;}}<\/style><div class=\"fusion-title title fusion-title-1 fusion-sep-none fusion-title-text fusion-title-size-four\" style=\"margin-top:10px;margin-right:0px;margin-bottom:15px;margin-left:0px;\"><h4 class=\"title-heading-left fusion-responsive-typography-calculated\" style=\"margin:0;--fontSize:28;line-height:1.36;\"><span style=\"font-family: 'Share Tech'; font-weight: 400;\" data-fusion-font=\"true\" data-fusion-google-font=\"Share Tech\" data-fusion-google-variant=\"400\">Participer \u00e0 l&#8217;\u00c9tude interculturelle \u00e0 propos des exp\u00e9riences de mort imminente (EMI)<\/span><\/h4><\/div><div style=\"text-align:center;\"><style>.fusion-imageframe.imageframe-1{ margin-top : 20px;margin-bottom : 50px;}<\/style><span class=\" fusion-imageframe imageframe-none imageframe-1 hover-type-none\" style=\"max-width:300px;\"><img decoding=\"async\" width=\"600\" height=\"400\" title=\"Te\u0301moignagesGIGA\" src=\"https:\/\/consciencesansfrontieres.org\/wp-content\/uploads\/2021\/04\/Te\u0301moignagesGIGA.jpg\" data-orig-src=\"https:\/\/consciencesansfrontieres.org\/wp-content\/uploads\/2021\/04\/Te\u0301moignagesGIGA.jpg\" alt class=\"lazyload img-responsive wp-image-2114\" srcset=\"data:image\/svg+xml,%3Csvg%20xmlns%3D%27http%3A%2F%2Fwww.w3.org%2F2000%2Fsvg%27%20width%3D%27600%27%20height%3D%27400%27%20viewBox%3D%270%200%20600%20400%27%3E%3Crect%20width%3D%27600%27%20height%3D%27400%27%20fill-opacity%3D%220%22%2F%3E%3C%2Fsvg%3E\" data-srcset=\"https:\/\/consciencesansfrontieres.org\/wp-content\/uploads\/2021\/04\/Te\u0301moignagesGIGA-200x133.jpg 200w, https:\/\/consciencesansfrontieres.org\/wp-content\/uploads\/2021\/04\/Te\u0301moignagesGIGA-400x267.jpg 400w, https:\/\/consciencesansfrontieres.org\/wp-content\/uploads\/2021\/04\/Te\u0301moignagesGIGA.jpg 600w\" data-sizes=\"auto\" data-orig-sizes=\"(max-width: 1200px) 100vw, (max-width: 640px) 100vw, 600px\" \/><\/span><\/div><div class=\"fusion-text fusion-text-1\"><p>En 2000, le psychiatre am\u00e9ricain Bruce Greyson, l\u2019un des pionniers de l\u2019\u00e9tude scientifique des EMI, d\u00e9finit ces exp\u00e9riences comme \u00ab des \u00e9v\u00e9nements psychologiques profonds incluant des \u00e9l\u00e9ments transcendantaux et mystiques, survenant typiquement chez des individus proches de la mort ou dans des situations de dangers physiques ou \u00e9motionnels intenses \u00bb. Ces exp\u00e9riences peuvent par exemple inclure un sentiment de paix et de bien-\u00eatre intense, une sensation d\u2019\u00eatre hors de son corps physique, la vision d\u2019une lumi\u00e8re brillante, une perception alt\u00e9r\u00e9e du temps ainsi que l\u2019entr\u00e9e dans un monde non terrestre. Bien d&#8217;autres dimensions peuvent \u00eatre v\u00e9cues \u00e9galement, telles que des rencontres avec des \u00eatres mystiques ou encore la vision de personnes d\u00e9c\u00e9d\u00e9es. Si vous pensez avoir v\u00e9cu une telle exp\u00e9rience, nous souhaiterions en savoir plus ! <span style=\"color: rgb(0, 0, 0);\"><b>L&#8217;objectif de cette \u00e9tude est de collecter des donn\u00e9es dans diff\u00e9rents pays \u00e0 travers le monde, dans le but de comparer les exp\u00e9riences de mort imminente rapport\u00e9es par les diff\u00e9rents individus<\/b><\/span>.<\/p>\n<p>Nous vous invitons donc \u00e0 d\u00e9crire votre exp\u00e9rience sous forme \u00e9crite et \u00e0 r\u00e9pondre \u00e0 une s\u00e9rie de questions visant \u00e0 mieux caract\u00e9riser votre exp\u00e9rience. Cette \u00e9tude est anonymis\u00e9e et les informations obtenues lors de cette \u00e9tude seront prot\u00e9g\u00e9es et resteront tout \u00e0 fait confidentielles. Les r\u00e9sultats de cette \u00e9tude seront publi\u00e9s dans un journal scientifique et pr\u00e9sent\u00e9s lors de r\u00e9unions d&#8217;\u00e9quipes.<\/p>\n<p>Pour toute information compl\u00e9mentaire, veuillez nous contacter \u00e0 cette adresse: <span style=\"color: rgb(0, 0, 0);\"><b>nde@uliege.be<\/b><\/span>.<\/p>\n<p>Vous pouvez bien s\u00fbr disposer de tout le temps n\u00e9cessaire pour y r\u00e9pondre. N\u00e9anmoins, veuillez noter que si vous d\u00e9sirez arr\u00eater et continuer \u00e0 y r\u00e9pondre plus tard, il existe une option \u00ab save &amp; continue \u00bb en haut \u00e0 droite (il faut d\u00e9sactiver l&#8217;option &#8220;Record Response&#8221; d&#8217;abord), qui vous permettra de sauvegarder vos r\u00e9ponses jusqu\u2019\u00e0 pr\u00e9sent et de continuer plus tard. Il vous suffit de noter votre adresse mail (qui ne nous sera pas transmise par le site). Cependant nous vous conseillons de choisir un moment o\u00f9 il vous sera possible de terminer le questionnaire en une fois. Ceci ne devrait pas vous prendre plus que 30 minutes.<\/p>\n<p><span style=\"color: rgb(0, 0, 0);\">Dr. <a href=\"https:\/\/consciencesansfrontieres.org\/index.php\/conscience-sans-frontieres-accueil\/nos-actions\/evenements\/programme-intervenants\/charlotte-martial-4\/\" target=\"_blank\" rel=\"noopener noreferrer\">Charlotte Martial<\/a>, G\u00e9raldine Fontaine &amp; collaborateurs<\/span><\/p>\n<\/div><div style=\"text-align:center;\"><style>.fusion-body .fusion-button.button-1{border-radius:0px 0px 0px 0px;}<\/style><a class=\"fusion-button button-flat fusion-button-default-size button-default button-1 fusion-button-default-span fusion-button-default-type\" target=\"_self\" href=\"https:\/\/survey.alchemer.eu\/s3\/90282609\/Cross-cultural-NDE-study?snc=1618554689_60792f4120c830.51981595&amp;sg_navigate=start&amp;sglocale=fr-be\"><span class=\"fusion-button-text\">Participer \u00e0 l&#8217;\u00e9tude<\/span><\/a><\/div><\/div><style type=\"text\/css\">.fusion-body .fusion-builder-column-0{width:100% !important;margin-top : 0px;margin-bottom : 20px;}.fusion-builder-column-0 > .fusion-column-wrapper {padding-top : 0px !important;padding-right : 0px !important;margin-right : 1.92%;padding-bottom : 0px !important;padding-left : 0px !important;margin-left : 1.92%;}@media only screen and (max-width:1200px) {.fusion-body .fusion-builder-column-0{width:100% !important;order : 0;}.fusion-builder-column-0 > .fusion-column-wrapper {margin-right : 1.92%;margin-left : 1.92%;}}@media only screen and (max-width:640px) {.fusion-body .fusion-builder-column-0{width:100% !important;order : 0;}.fusion-builder-column-0 > .fusion-column-wrapper {margin-right : 1.92%;margin-left : 1.92%;}}<\/style><\/div><\/div><style type=\"text\/css\">.fusion-body .fusion-flex-container.fusion-builder-row-1{ padding-top : 0px;margin-top : 0px;padding-right : 0px;padding-bottom : 0px;margin-bottom : 0px;padding-left : 0px;}<\/style><\/div>\n","protected":false},"excerpt":{"rendered":"","protected":false},"author":1,"featured_media":0,"parent":903,"menu_order":0,"comment_status":"closed","ping_status":"closed","template":"","meta":[],"_links":{"self":[{"href":"https:\/\/consciencesansfrontieres.org\/index.php\/wp-json\/wp\/v2\/pages\/2111"}],"collection":[{"href":"https:\/\/consciencesansfrontieres.org\/index.php\/wp-json\/wp\/v2\/pages"}],"about":[{"href":"https:\/\/consciencesansfrontieres.org\/index.php\/wp-json\/wp\/v2\/types\/page"}],"author":[{"embeddable":true,"href":"https:\/\/consciencesansfrontieres.org\/index.php\/wp-json\/wp\/v2\/users\/1"}],"replies":[{"embeddable":true,"href":"https:\/\/consciencesansfrontieres.org\/index.php\/wp-json\/wp\/v2\/comments?post=2111"}],"version-history":[{"count":6,"href":"https:\/\/consciencesansfrontieres.org\/index.php\/wp-json\/wp\/v2\/pages\/2111\/revisions"}],"predecessor-version":[{"id":2119,"href":"https:\/\/consciencesansfrontieres.org\/index.php\/wp-json\/wp\/v2\/pages\/2111\/revisions\/2119"}],"up":[{"embeddable":true,"href":"https:\/\/consciencesansfrontieres.org\/index.php\/wp-json\/wp\/v2\/pages\/903"}],"wp:attachment":[{"href":"https:\/\/consciencesansfrontieres.org\/index.php\/wp-json\/wp\/v2\/media?parent=2111"}],"curies":[{"name":"wp","href":"https:\/\/api.w.org\/{rel}","templated":true}]}}