{"id":3056,"date":"2022-03-29T10:34:39","date_gmt":"2022-03-29T08:34:39","guid":{"rendered":"https:\/\/medecineetconscience.com\/?page_id=3056"},"modified":"2022-03-29T11:19:27","modified_gmt":"2022-03-29T09:19:27","slug":"sabine-rabourdin","status":"publish","type":"page","link":"https:\/\/consciencesansfrontieres.org\/index.php\/conscience-sans-frontieres-accueil\/simpliquer\/liste-de-partenaires\/sabine-rabourdin\/","title":{"rendered":"Sabine Rabourdin"},"content":{"rendered":"<div class=\"fusion-fullwidth fullwidth-box fusion-builder-row-1 fusion-flex-container nonhundred-percent-fullwidth non-hundred-percent-height-scrolling\" style=\"background-color: #ffffff;background-position: center center;background-repeat: no-repeat;border-width: 1 1 1 1;border-color:#607d8b;border-style:solid;\" ><div class=\"fusion-builder-row fusion-row fusion-flex-align-items-flex-start\" style=\"max-width:1248px;margin-left: calc(-4% \/ 2 );margin-right: calc(-4% \/ 2 );\"><div class=\"fusion-layout-column fusion_builder_column fusion-builder-column-0 fusion_builder_column_1_1 1_1 fusion-flex-column\"><div class=\"fusion-column-wrapper fusion-flex-justify-content-flex-start fusion-content-layout-column\" style=\"background-position:left top;background-repeat:no-repeat;-webkit-background-size:cover;-moz-background-size:cover;-o-background-size:cover;background-size:cover;padding: 0px 0px 0px 0px;\"><div style=\"text-align:center;\"><span class=\" fusion-imageframe imageframe-none imageframe-1 hover-type-none\" style=\"max-width:300px;\"><img decoding=\"async\" width=\"300\" height=\"300\" title=\"SabineRabourdin-CSF-1024&#215;1024\" src=\"https:\/\/consciencesansfrontieres.org\/wp-content\/uploads\/2022\/03\/SabineRabourdin-CSF-1024x1024-1.jpg\" data-orig-src=\"https:\/\/consciencesansfrontieres.org\/wp-content\/uploads\/2022\/03\/SabineRabourdin-CSF-1024x1024-1-300x300.jpg\" alt class=\"lazyload img-responsive wp-image-3058\" srcset=\"data:image\/svg+xml,%3Csvg%20xmlns%3D%27http%3A%2F%2Fwww.w3.org%2F2000%2Fsvg%27%20width%3D%271023%27%20height%3D%271024%27%20viewBox%3D%270%200%201023%201024%27%3E%3Crect%20width%3D%271023%27%20height%3D%271024%27%20fill-opacity%3D%220%22%2F%3E%3C%2Fsvg%3E\" data-srcset=\"https:\/\/consciencesansfrontieres.org\/wp-content\/uploads\/2022\/03\/SabineRabourdin-CSF-1024x1024-1-200x200.jpg 200w, https:\/\/consciencesansfrontieres.org\/wp-content\/uploads\/2022\/03\/SabineRabourdin-CSF-1024x1024-1-400x400.jpg 400w, https:\/\/consciencesansfrontieres.org\/wp-content\/uploads\/2022\/03\/SabineRabourdin-CSF-1024x1024-1-600x601.jpg 600w, https:\/\/consciencesansfrontieres.org\/wp-content\/uploads\/2022\/03\/SabineRabourdin-CSF-1024x1024-1-800x801.jpg 800w, https:\/\/consciencesansfrontieres.org\/wp-content\/uploads\/2022\/03\/SabineRabourdin-CSF-1024x1024-1.jpg 1023w\" data-sizes=\"auto\" data-orig-sizes=\"(max-width: 1200px) 100vw, (max-width: 640px) 100vw, 300px\" \/><\/span><\/div><style type=\"text\/css\">@media only screen and (max-width:1200px) {.fusion-title.fusion-title-1{margin-top:10px!important; margin-right:0px!important;margin-bottom:15px!important;margin-left:0px!important;}}@media only screen and (max-width:640px) {.fusion-title.fusion-title-1{margin-top:10px!important; margin-right:0px!important;margin-bottom:10px!important; margin-left:0px!important;}}<\/style><div class=\"fusion-title title fusion-title-1 fusion-sep-none fusion-title-text fusion-title-size-five\" style=\"margin-top:10px;margin-right:0px;margin-bottom:15px;margin-left:0px;\"><h5 class=\"title-heading-left fusion-responsive-typography-calculated\" style=\"margin:0;color:#762633;--fontSize:24;line-height:1.4;\"><div style=\"text-align: center;\"><b style=\"font-family: var(--h5_typography-font-family); font-size: var(--h5_typography-font-size); font-style: var(--h5_typography-font-style,normal); letter-spacing: var(--h5_typography-letter-spacing);\">Sabine Rabourdin<\/b><\/div><\/h5><\/div><style type=\"text\/css\">@media only screen and (max-width:1200px) {.fusion-title.fusion-title-2{margin-top:10px!important; margin-right:0px!important;margin-bottom:15px!important;margin-left:0px!important;}}@media only screen and (max-width:640px) {.fusion-title.fusion-title-2{margin-top:10px!important; margin-right:0px!important;margin-bottom:10px!important; margin-left:0px!important;}}<\/style><div class=\"fusion-title title fusion-title-2 fusion-sep-none fusion-title-text fusion-title-size-six\" style=\"margin-top:10px;margin-right:0px;margin-bottom:15px;margin-left:0px;\"><h6 class=\"title-heading-left fusion-responsive-typography-calculated\" style=\"margin:0;color:#762633;--fontSize:18;--minFontSize:18px;line-height:1.5;\"><div style=\"text-align: center;\"><span style=\"font-family: var(--h6_typography-font-family); font-size: var(--h6_typography-font-size); font-style: var(--h6_typography-font-style,normal); font-weight: var(--h6_typography-font-weight); letter-spacing: var(--h6_typography-letter-spacing);\">ANTHROPOLOGUE ET FORMATRICE<\/span><\/div><\/h6><\/div><div class=\"fusion-separator\" style=\"align-self: center;margin-left: auto;margin-right: auto;margin-bottom:30px;width:100%;max-width:150px;\"><div class=\"fusion-separator-border sep-single\" style=\"border-color:#e0dede;border-top-width:3px;\"><\/div><\/div><div class=\"fusion-text fusion-text-1\"><p style=\"text-align: justify; \">Dot\u00e9e d\u2019un double cursus en sciences physiques (ing\u00e9nieur nucl\u00e9aire) et en sciences humaines (master et doctorat en anthropologie des sciences et de l\u2019environnement), Sabine Rabourdin tisse des liens autour de la relation Homme\/Nature\/Conscience. Auteur de plusieurs ouvrages sur ces questions, elle a notamment publi\u00e9 \u00ab <a href=\"https:\/\/www.yvesmichel.org\/livre\/replanter-les-consciences-2\/\" target=\"_blank\" rel=\"noopener noreferrer\">Replanter les consciences<\/a> \u00bb (Ed Y.Michel) ou \u00ab <a href=\"https:\/\/www.eyrolles.com\/Entreprise\/Livre\/les-societes-traditionnelles-au-secours-des-societes-modernes-9782603013403\/\" target=\"_blank\" rel=\"noopener noreferrer\">Les soci\u00e9t\u00e9s traditionnelles au secours des soci\u00e9t\u00e9s modernes<\/a> \u00bb (Ed Lamartini\u00e8re). Elle est enseignante et formatrice de yoga et de m\u00e9ditation.  Elle travaille sur des projets de recherche autour de la transition \u00e9cologique et est formatrice sur l\u2019accompagnement du changement sur cette th\u00e9matique. Par ailleurs, elle a collabor\u00e9 \u00e0 monter plusieurs structures autour de la connaissance, de la pratique et de la diffusion de la conscience et du vivant (<a href=\"https:\/\/institut-phusis.fr\/\" target=\"_blank\" rel=\"noopener noreferrer\">Institut Phusis<\/a>, <a href=\"https:\/\/le-lichen.org\/\" target=\"_blank\" rel=\"noopener noreferrer\">Lichen<\/a>, NoosVall\u00e9e). Elle forme des enseignants de yoga et r\u00e9dige des articles th\u00e9oriques sur les approches de la conscience dans les traditions indiennes et la science actuelle. Ce qui l\u2019int\u00e9resse actuellement est de d\u00e9velopper des recherches autour de la conscience, en particulier les \u00e9tats d\u2019expansion de conscience, en combinant les approches de la microph\u00e9nom\u00e9nologie et de l\u2019anthropologie.<\/p>\n<p style=\"text-align: justify; \">Retrouvez Sabine sur <a href=\"http:\/\/sabine.rabourdin.com\" target=\"_blank\" rel=\"noopener noreferrer\">http:\/\/sabine.rabourdin.com<\/a><\/p>\n<\/div><style type=\"text\/css\">@media only screen and (max-width:1200px) {.fusion-title.fusion-title-3{margin-top:10px!important; margin-right:0px!important;margin-bottom:15px!important;margin-left:0px!important;}}@media only screen and (max-width:640px) {.fusion-title.fusion-title-3{margin-top:10px!important; margin-right:0px!important;margin-bottom:10px!important; margin-left:0px!important;}}<\/style><div class=\"fusion-title title fusion-title-3 fusion-sep-none fusion-title-text fusion-title-size-two\" style=\"font-size:50px;margin-top:10px;margin-right:0px;margin-bottom:15px;margin-left:0px;\"><h2 class=\"title-heading-left fusion-responsive-typography-calculated\" style=\"margin:0;font-size:1em;color:#222266;--fontSize:50;line-height:1.2;\"><\/h2><\/div><\/div><style type=\"text\/css\">.fusion-body .fusion-builder-column-0{width:100% !important;margin-top : 0px;margin-bottom : 20px;}.fusion-builder-column-0 > .fusion-column-wrapper {padding-top : 0px !important;padding-right : 0px !important;margin-right : 1.92%;padding-bottom : 0px !important;padding-left : 0px !important;margin-left : 1.92%;}@media only screen and (max-width:1200px) {.fusion-body .fusion-builder-column-0{width:100% !important;order : 0;}.fusion-builder-column-0 > .fusion-column-wrapper {margin-right : 1.92%;margin-left : 1.92%;}}@media only screen and (max-width:640px) {.fusion-body .fusion-builder-column-0{width:100% !important;order : 0;}.fusion-builder-column-0 > .fusion-column-wrapper {margin-right : 1.92%;margin-left : 1.92%;}}<\/style><\/div><\/div><style type=\"text\/css\">.fusion-body .fusion-flex-container.fusion-builder-row-1{ padding-top : 30px;margin-top : 0px;padding-right : 30px;padding-bottom : 30px;margin-bottom : 0px;padding-left : 30px;}<\/style><\/div>\n","protected":false},"excerpt":{"rendered":"","protected":false},"author":1,"featured_media":0,"parent":1316,"menu_order":0,"comment_status":"closed","ping_status":"closed","template":"","meta":[],"_links":{"self":[{"href":"https:\/\/consciencesansfrontieres.org\/index.php\/wp-json\/wp\/v2\/pages\/3056"}],"collection":[{"href":"https:\/\/consciencesansfrontieres.org\/index.php\/wp-json\/wp\/v2\/pages"}],"about":[{"href":"https:\/\/consciencesansfrontieres.org\/index.php\/wp-json\/wp\/v2\/types\/page"}],"author":[{"embeddable":true,"href":"https:\/\/consciencesansfrontieres.org\/index.php\/wp-json\/wp\/v2\/users\/1"}],"replies":[{"embeddable":true,"href":"https:\/\/consciencesansfrontieres.org\/index.php\/wp-json\/wp\/v2\/comments?post=3056"}],"version-history":[{"count":2,"href":"https:\/\/consciencesansfrontieres.org\/index.php\/wp-json\/wp\/v2\/pages\/3056\/revisions"}],"predecessor-version":[{"id":3059,"href":"https:\/\/consciencesansfrontieres.org\/index.php\/wp-json\/wp\/v2\/pages\/3056\/revisions\/3059"}],"up":[{"embeddable":true,"href":"https:\/\/consciencesansfrontieres.org\/index.php\/wp-json\/wp\/v2\/pages\/1316"}],"wp:attachment":[{"href":"https:\/\/consciencesansfrontieres.org\/index.php\/wp-json\/wp\/v2\/media?parent=3056"}],"curies":[{"name":"wp","href":"https:\/\/api.w.org\/{rel}","templated":true}]}}