{"id":3138,"date":"2022-05-06T21:35:28","date_gmt":"2022-05-06T19:35:28","guid":{"rendered":"https:\/\/medecineetconscience.com\/?page_id=3138"},"modified":"2022-05-06T21:44:38","modified_gmt":"2022-05-06T19:44:38","slug":"antoine-chevry","status":"publish","type":"page","link":"https:\/\/consciencesansfrontieres.org\/index.php\/conscience-sans-frontieres-accueil\/simpliquer\/liste-de-partenaires\/antoine-chevry\/","title":{"rendered":"Antoine Chevry"},"content":{"rendered":"<div class=\"fusion-fullwidth fullwidth-box fusion-builder-row-1 fusion-flex-container nonhundred-percent-fullwidth non-hundred-percent-height-scrolling\" style=\"background-color: #ffffff;background-position: center center;background-repeat: no-repeat;border-width: 1 1 1 1;border-color:#607d8b;border-style:solid;\" ><div class=\"fusion-builder-row fusion-row fusion-flex-align-items-flex-start\" style=\"max-width:1248px;margin-left: calc(-4% \/ 2 );margin-right: calc(-4% \/ 2 );\"><div class=\"fusion-layout-column fusion_builder_column fusion-builder-column-0 fusion_builder_column_1_1 1_1 fusion-flex-column\"><div class=\"fusion-column-wrapper fusion-flex-justify-content-flex-start fusion-content-layout-column\" style=\"background-position:left top;background-repeat:no-repeat;-webkit-background-size:cover;-moz-background-size:cover;-o-background-size:cover;background-size:cover;padding: 0px 0px 0px 0px;\"><div style=\"text-align:center;\"><span class=\" fusion-imageframe imageframe-none imageframe-1 hover-type-none\" style=\"max-width:300px;\"><img decoding=\"async\" width=\"800\" height=\"801\" alt=\"Antoine Chevry\" title=\"AntoineChevry-1024&#215;1024\" src=\"https:\/\/consciencesansfrontieres.org\/wp-content\/uploads\/2022\/05\/AntoineChevry-1024x1024-1.jpg\" data-orig-src=\"https:\/\/consciencesansfrontieres.org\/wp-content\/uploads\/2022\/05\/AntoineChevry-1024x1024-1-800x801.jpg\" class=\"lazyload img-responsive wp-image-3140\" srcset=\"data:image\/svg+xml,%3Csvg%20xmlns%3D%27http%3A%2F%2Fwww.w3.org%2F2000%2Fsvg%27%20width%3D%271024%27%20height%3D%271025%27%20viewBox%3D%270%200%201024%201025%27%3E%3Crect%20width%3D%271024%27%20height%3D%271025%27%20fill-opacity%3D%220%22%2F%3E%3C%2Fsvg%3E\" data-srcset=\"https:\/\/consciencesansfrontieres.org\/wp-content\/uploads\/2022\/05\/AntoineChevry-1024x1024-1-200x200.jpg 200w, https:\/\/consciencesansfrontieres.org\/wp-content\/uploads\/2022\/05\/AntoineChevry-1024x1024-1-400x400.jpg 400w, https:\/\/consciencesansfrontieres.org\/wp-content\/uploads\/2022\/05\/AntoineChevry-1024x1024-1-600x601.jpg 600w, https:\/\/consciencesansfrontieres.org\/wp-content\/uploads\/2022\/05\/AntoineChevry-1024x1024-1-800x801.jpg 800w, https:\/\/consciencesansfrontieres.org\/wp-content\/uploads\/2022\/05\/AntoineChevry-1024x1024-1.jpg 1024w\" data-sizes=\"auto\" data-orig-sizes=\"(max-width: 1200px) 100vw, (max-width: 640px) 100vw, 800px\" \/><\/span><\/div><style type=\"text\/css\">@media only screen and (max-width:1200px) {.fusion-title.fusion-title-1{margin-top:10px!important; margin-right:0px!important;margin-bottom:15px!important;margin-left:0px!important;}}@media only screen and (max-width:640px) {.fusion-title.fusion-title-1{margin-top:10px!important; margin-right:0px!important;margin-bottom:10px!important; margin-left:0px!important;}}<\/style><div class=\"fusion-title title fusion-title-1 fusion-sep-none fusion-title-text fusion-title-size-five\" style=\"margin-top:10px;margin-right:0px;margin-bottom:15px;margin-left:0px;\"><h5 class=\"title-heading-left fusion-responsive-typography-calculated\" style=\"margin:0;color:#762633;--fontSize:24;line-height:1.4;\"><div style=\"text-align: center;\"><b style=\"font-family: var(--h5_typography-font-family); font-size: var(--h5_typography-font-size); font-style: var(--h5_typography-font-style,normal); letter-spacing: var(--h5_typography-letter-spacing);\">Antoine Chevry<\/b><\/div><\/h5><\/div><style type=\"text\/css\">@media only screen and (max-width:1200px) {.fusion-title.fusion-title-2{margin-top:10px!important; margin-right:0px!important;margin-bottom:15px!important;margin-left:0px!important;}}@media only screen and (max-width:640px) {.fusion-title.fusion-title-2{margin-top:10px!important; margin-right:0px!important;margin-bottom:10px!important; margin-left:0px!important;}}<\/style><div class=\"fusion-title title fusion-title-2 fusion-sep-none fusion-title-text fusion-title-size-six\" style=\"margin-top:10px;margin-right:0px;margin-bottom:15px;margin-left:0px;\"><h6 class=\"title-heading-left fusion-responsive-typography-calculated\" style=\"margin:0;color:#762633;--fontSize:18;--minFontSize:18px;line-height:1.5;\"><div style=\"text-align: center;\"><span style=\"font-family: var(--h6_typography-font-family); font-size: var(--h6_typography-font-size); font-style: var(--h6_typography-font-style,normal); font-weight: var(--h6_typography-font-weight); letter-spacing: var(--h6_typography-letter-spacing);\">TH\u00c9RAPEUTE \u00c9NERG\u00c9TIQUE<\/span><\/div><\/h6><\/div><div class=\"fusion-separator\" style=\"align-self: center;margin-left: auto;margin-right: auto;margin-bottom:30px;width:100%;max-width:150px;\"><div class=\"fusion-separator-border sep-single\" style=\"border-color:#e0dede;border-top-width:3px;\"><\/div><\/div><div class=\"fusion-text fusion-text-1\"><p><span style=\"color: #000000;\">Je pratique les soins \u00e9nerg\u00e9tiques depuis 22 ans.<\/span><br \/>\n<span style=\"color: #000000;\"><br \/>\nJe suis issu d&#8217;une famille o\u00f9 la m\u00e9diumnit\u00e9 s&#8217;exprimait du c\u00f4t\u00e9 de ma m\u00e8re et de mes grand-m\u00e8re et arri\u00e8re-grand-m\u00e8re maternelles.<br \/>\nDans cette lign\u00e9e, je suis le seul descendant a avoir h\u00e9rit\u00e9 de ce don et le seul qui l&#8217;ai mis en pratique \u00e0 des fins th\u00e9rapeutiques.<\/span><\/p>\n<p><span style=\"color: #000000;\">J&#8217;ai d&#8217;abord particip\u00e9 \u00e0 des s\u00e9minaires en soins \u00e9nerg\u00e9tiques, pratiques issues de l&#8217;\u00c9cole de Barbara Ann Brennan, physicienne am\u00e9ricaine ayant travaill\u00e9 \u00e0 la NASA.<br \/>\nJ&#8217;ai \u00e9galement particip\u00e9 \u00e0 plusieurs s\u00e9minaires sur la Synchronisation h\u00e9misph\u00e9rique (technique HemiSync) et en parall\u00e8le et pendant plusieurs ann\u00e9es, \u00e0 des s\u00e9minaires de d\u00e9veloppement personnel.<\/span><\/p>\n<p style=\"color: #000000;\">Ce long cheminement m&#8217;a conduit jusqu&#8217;\u00e0 la for\u00eat pluviale d&#8217;Amazonie p\u00e9ruvienne o\u00f9 j&#8217;ai particip\u00e9 \u00e0 de nombreuses retraites aupr\u00e8s d&#8217;une gu\u00e9risseuse native de la for\u00eat et eu la chance qu&#8217;elle me propose d&#8217;animer \u00e0 ses c\u00f4t\u00e9s un tr\u00e8s grand nombre de c\u00e9r\u00e9monies rituelles.<\/p>\n<p style=\"color: #000000;\">Mon approche th\u00e9rapeutique est donc pluridisciplinaire.<\/p>\n<p><span style=\"color: #000000;\">En pr\u00e9sentiel je travaille par imposition des mains.<br \/>\n\u00c0 distance, j&#8217;utilise essentiellement les fr\u00e9quences vibratoires issues des chants traditionnels c\u00e9r\u00e9moniels amazoniens appel\u00e9s Icaros.<\/span><\/p>\n<\/div><style type=\"text\/css\">@media only screen and (max-width:1200px) {.fusion-title.fusion-title-3{margin-top:10px!important; margin-right:0px!important;margin-bottom:15px!important;margin-left:0px!important;}}@media only screen and (max-width:640px) {.fusion-title.fusion-title-3{margin-top:10px!important; margin-right:0px!important;margin-bottom:10px!important; margin-left:0px!important;}}<\/style><div class=\"fusion-title title fusion-title-3 fusion-sep-none fusion-title-text fusion-title-size-two\" style=\"font-size:50px;margin-top:10px;margin-right:0px;margin-bottom:15px;margin-left:0px;\"><h2 class=\"title-heading-left fusion-responsive-typography-calculated\" style=\"margin:0;font-size:1em;color:#222266;--fontSize:50;line-height:1.2;\"><\/h2><\/div><\/div><style type=\"text\/css\">.fusion-body .fusion-builder-column-0{width:100% !important;margin-top : 0px;margin-bottom : 20px;}.fusion-builder-column-0 > .fusion-column-wrapper {padding-top : 0px !important;padding-right : 0px !important;margin-right : 1.92%;padding-bottom : 0px !important;padding-left : 0px !important;margin-left : 1.92%;}@media only screen and (max-width:1200px) {.fusion-body .fusion-builder-column-0{width:100% !important;order : 0;}.fusion-builder-column-0 > .fusion-column-wrapper {margin-right : 1.92%;margin-left : 1.92%;}}@media only screen and (max-width:640px) {.fusion-body .fusion-builder-column-0{width:100% !important;order : 0;}.fusion-builder-column-0 > .fusion-column-wrapper {margin-right : 1.92%;margin-left : 1.92%;}}<\/style><\/div><\/div><style type=\"text\/css\">.fusion-body .fusion-flex-container.fusion-builder-row-1{ padding-top : 30px;margin-top : 0px;padding-right : 30px;padding-bottom : 30px;margin-bottom : 0px;padding-left : 30px;}<\/style><\/div>\n","protected":false},"excerpt":{"rendered":"","protected":false},"author":1,"featured_media":0,"parent":1316,"menu_order":0,"comment_status":"closed","ping_status":"closed","template":"","meta":[],"_links":{"self":[{"href":"https:\/\/consciencesansfrontieres.org\/index.php\/wp-json\/wp\/v2\/pages\/3138"}],"collection":[{"href":"https:\/\/consciencesansfrontieres.org\/index.php\/wp-json\/wp\/v2\/pages"}],"about":[{"href":"https:\/\/consciencesansfrontieres.org\/index.php\/wp-json\/wp\/v2\/types\/page"}],"author":[{"embeddable":true,"href":"https:\/\/consciencesansfrontieres.org\/index.php\/wp-json\/wp\/v2\/users\/1"}],"replies":[{"embeddable":true,"href":"https:\/\/consciencesansfrontieres.org\/index.php\/wp-json\/wp\/v2\/comments?post=3138"}],"version-history":[{"count":4,"href":"https:\/\/consciencesansfrontieres.org\/index.php\/wp-json\/wp\/v2\/pages\/3138\/revisions"}],"predecessor-version":[{"id":3143,"href":"https:\/\/consciencesansfrontieres.org\/index.php\/wp-json\/wp\/v2\/pages\/3138\/revisions\/3143"}],"up":[{"embeddable":true,"href":"https:\/\/consciencesansfrontieres.org\/index.php\/wp-json\/wp\/v2\/pages\/1316"}],"wp:attachment":[{"href":"https:\/\/consciencesansfrontieres.org\/index.php\/wp-json\/wp\/v2\/media?parent=3138"}],"curies":[{"name":"wp","href":"https:\/\/api.w.org\/{rel}","templated":true}]}}