{"id":3151,"date":"2022-05-10T16:07:19","date_gmt":"2022-05-10T14:07:19","guid":{"rendered":"https:\/\/medecineetconscience.com\/?post_type=product&#038;p=3151"},"modified":"2022-05-10T16:24:58","modified_gmt":"2022-05-10T14:24:58","slug":"je-soutiens-la-recherche-en-neuropsychologie","status":"publish","type":"product","link":"https:\/\/consciencesansfrontieres.org\/index.php\/produit\/je-soutiens-la-recherche-en-neuropsychologie\/","title":{"rendered":"Je soutiens la recherche en neuropsychologie"},"content":{"rendered":"<p>Votre don permet \u00e0 Charlotte de poursuivre ses recherches. Ce don sera directement revers\u00e9 sur le compte de l&#8217;Universit\u00e9 de Li\u00e8ge pour financer la recherche sur la conscience et ses \u00e9tats associ\u00e9s.<\/p>\n<p>&nbsp;<\/p>\n<p>Charlotte est neuropsychologue sur les sujets :<\/p>\n<p>des EMI<br \/>\ndes \u00e9tats de conscience &#8220;d\u00e9connect\u00e9e&#8221;<br \/>\ndes patients non-r\u00e9pondant<br \/>\ndes troubles de la conscience<br \/>\nde l&#8217;\u00e9tat d&#8217;hypnose<\/p>\n","protected":false},"excerpt":{"rendered":"<p>Charlotte Martial a besoin de votre soutien pour poursuivre ses recherches dans le domaine de la neuropsychologie sur des \u00e9tats de conscience non-ordinaire (EMI, trouble de la conscience, patients non-r\u00e9pondant, hypnose&#8230;)<\/p>\n","protected":false},"featured_media":3124,"comment_status":"open","ping_status":"closed","template":"","meta":[],"product_cat":[284],"product_tag":[285,287,286],"_links":{"self":[{"href":"https:\/\/consciencesansfrontieres.org\/index.php\/wp-json\/wp\/v2\/product\/3151"}],"collection":[{"href":"https:\/\/consciencesansfrontieres.org\/index.php\/wp-json\/wp\/v2\/product"}],"about":[{"href":"https:\/\/consciencesansfrontieres.org\/index.php\/wp-json\/wp\/v2\/types\/product"}],"replies":[{"embeddable":true,"href":"https:\/\/consciencesansfrontieres.org\/index.php\/wp-json\/wp\/v2\/comments?post=3151"}],"wp:featuredmedia":[{"embeddable":true,"href":"https:\/\/consciencesansfrontieres.org\/index.php\/wp-json\/wp\/v2\/media\/3124"}],"wp:attachment":[{"href":"https:\/\/consciencesansfrontieres.org\/index.php\/wp-json\/wp\/v2\/media?parent=3151"}],"wp:term":[{"taxonomy":"product_cat","embeddable":true,"href":"https:\/\/consciencesansfrontieres.org\/index.php\/wp-json\/wp\/v2\/product_cat?post=3151"},{"taxonomy":"product_tag","embeddable":true,"href":"https:\/\/consciencesansfrontieres.org\/index.php\/wp-json\/wp\/v2\/product_tag?post=3151"}],"curies":[{"name":"wp","href":"https:\/\/api.w.org\/{rel}","templated":true}]}}